{"id":168,"date":"2024-09-10T01:39:40","date_gmt":"2024-09-10T06:39:40","guid":{"rendered":"https:\/\/bordaarte.store\/?page_id=168"},"modified":"2024-09-17T16:19:30","modified_gmt":"2024-09-17T21:19:30","slug":"nosotros","status":"publish","type":"page","link":"https:\/\/bordaarte.store\/index.php\/nosotros\/","title":{"rendered":"Nosotros"},"content":{"rendered":"\t\t<div data-elementor-type=\"wp-page\" data-elementor-id=\"168\" class=\"elementor elementor-168\" data-elementor-post-type=\"page\">\n\t\t\t\t<div class=\"elementor-element elementor-element-903091b e-flex e-con-boxed e-con e-parent\" data-id=\"903091b\" data-element_type=\"container\">\n\t\t\t\t\t<div class=\"e-con-inner\">\n\t\t\t\t<div class=\"elementor-element elementor-element-2e5ad54 elementor-widget elementor-widget-image\" data-id=\"2e5ad54\" data-element_type=\"widget\" data-widget_type=\"image.default\">\n\t\t\t\t<div class=\"elementor-widget-container\">\n\t\t\t\t\t\t\t\t\t\t\t\t\t\t\t<img fetchpriority=\"high\" decoding=\"async\" width=\"509\" height=\"377\" src=\"https:\/\/bordaarte.store\/wp-content\/uploads\/2024\/06\/logo-Borda-Arte.png\" class=\"attachment-large size-large wp-image-16\" alt=\"\" srcset=\"https:\/\/bordaarte.store\/wp-content\/uploads\/2024\/06\/logo-Borda-Arte.png 509w, https:\/\/bordaarte.store\/wp-content\/uploads\/2024\/06\/logo-Borda-Arte-300x222.png 300w, https:\/\/bordaarte.store\/wp-content\/uploads\/2024\/06\/logo-Borda-Arte-102x76.png 102w\" sizes=\"(max-width: 509px) 100vw, 509px\" \/>\t\t\t\t\t\t\t\t\t\t\t\t\t\t\t<\/div>\n\t\t\t\t<\/div>\n\t\t\t\t\t<\/div>\n\t\t\t\t<\/div>\n\t\t<div class=\"elementor-element elementor-element-0ff852f e-flex e-con-boxed e-con e-parent\" data-id=\"0ff852f\" data-element_type=\"container\">\n\t\t\t\t\t<div class=\"e-con-inner\">\n\t\t\t\t<div class=\"elementor-element elementor-element-ffc95f8 elementor-widget elementor-widget-text-editor\" data-id=\"ffc95f8\" data-element_type=\"widget\" data-widget_type=\"text-editor.default\">\n\t\t\t\t<div class=\"elementor-widget-container\">\n\t\t\t\t\t\t\t\t\t<p><span style=\"font-weight: 400;\">Somos un equipo de tres apasionados profesionales con m\u00e1s de 15 a\u00f1os de experiencia en el mundo del<\/span><a href=\"https:\/\/bordaarte.store\/\"> <span style=\"font-weight: 400;\">dise\u00f1o y digitalizaci\u00f3n de bordados para m\u00e1quinas industriales y dom\u00e9sticas<\/span><\/a><span style=\"font-weight: 400;\">.<\/span><\/p><p><span style=\"font-weight: 400;\">A lo largo de nuestra trayectoria, hemos trabajado para f\u00e1bricas de exportaci\u00f3n internacional, superando los m\u00e1s rigurosos est\u00e1ndares de calidad y auditor\u00edas.<\/span><\/p><p><span style=\"font-weight: 400;\">Nos enorgullecemos de ser reconocidos como l\u00edderes en el sector, gracias a nuestro compromiso con la excelencia y la precisi\u00f3n en cada dise\u00f1o que creamos.<\/span><\/p><p><span style=\"font-weight: 400;\">Ofrecemos una amplia gama de servicios;<\/span><\/p><p><span style=\"font-weight: 400;\">Desde la <\/span><b>digitalizaci\u00f3n de bordados personalizados<\/b><span style=\"font-weight: 400;\">,<\/span><\/p><p><span style=\"font-weight: 400;\">hasta la <\/span><b>producci\u00f3n de bordados al por mayor<\/b><span style=\"font-weight: 400;\"> en prendas y art\u00edculos promocionales.<\/span><\/p><p><span style=\"font-weight: 400;\">Nuestro enfoque en la calidad es inquebrantable, garantizando resultados impecables en cada proyecto, ya sea para peque\u00f1as producciones o grandes vol\u00famenes.<\/span><\/p><p><span style=\"font-weight: 400;\">En <\/span><b>Borda Arte<\/b><span style=\"font-weight: 400;\">, tambi\u00e9n creemos en el crecimiento de la comunidad de bordadores.<\/span><\/p><p><span style=\"font-weight: 400;\">Estamos aceptando nuevos dise\u00f1adores para unirse a nuestra tienda, asegur\u00e1ndonos siempre de revisar y auditar cuidadosamente cada dise\u00f1o antes de que est\u00e9 disponible para nuestros clientes. Adem\u00e1s, ofrecemos formaci\u00f3n especializada tanto para dise\u00f1adores como para maquinistas, ayudando a f\u00e1bricas y talleres a optimizar sus procesos de bordado.<\/span><\/p><h3><b>\u00bfPor qu\u00e9 elegirnos?<\/b><\/h3><p><span style=\"font-weight: 400;\">Nuestra experiencia en f\u00e1bricas internacionales nos ha permitido perfeccionar nuestras t\u00e9cnicas y mantener los m\u00e1s altos est\u00e1ndares de calidad.<\/span><\/p><p><span style=\"font-weight: 400;\">\u00a1Estamos listos para darle vida a tus ideas y llevar tus proyectos de bordado al siguiente nivel!<\/span><\/p>\t\t\t\t\t\t\t\t<\/div>\n\t\t\t\t<\/div>\n\t\t\t\t\t<\/div>\n\t\t\t\t<\/div>\n\t\t\t\t<\/div>\n\t\t","protected":false},"excerpt":{"rendered":"<p>Somos un equipo de tres apasionados profesionales con m\u00e1s de 15 a\u00f1os de experiencia en el mundo del dise\u00f1o y [&hellip;]<\/p>\n","protected":false},"author":1,"featured_media":0,"parent":0,"menu_order":0,"comment_status":"closed","ping_status":"closed","template":"","meta":{"site-sidebar-layout":"no-sidebar","site-content-layout":"","ast-site-content-layout":"full-width-container","site-content-style":"default","site-sidebar-style":"default","ast-global-header-display":"","ast-banner-title-visibility":"","ast-main-header-display":"","ast-hfb-above-header-display":"","ast-hfb-below-header-display":"","ast-hfb-mobile-header-display":"","site-post-title":"disabled","ast-breadcrumbs-content":"","ast-featured-img":"disabled","footer-sml-layout":"","theme-transparent-header-meta":"","adv-header-id-meta":"","stick-header-meta":"","header-above-stick-meta":"","header-main-stick-meta":"","header-below-stick-meta":"","astra-migrate-meta-layouts":"default","ast-page-background-enabled":"default","ast-page-background-meta":{"desktop":{"background-color":"var(--ast-global-color-4)","background-image":"","background-repeat":"repeat","background-position":"center center","background-size":"auto","background-attachment":"scroll","background-type":"","background-media":"","overlay-type":"","overlay-color":"","overlay-opacity":"","overlay-gradient":""},"tablet":{"background-color":"","background-image":"","background-repeat":"repeat","background-position":"center center","background-size":"auto","background-attachment":"scroll","background-type":"","background-media":"","overlay-type":"","overlay-color":"","overlay-opacity":"","overlay-gradient":""},"mobile":{"background-color":"","background-image":"","background-repeat":"repeat","background-position":"center center","background-size":"auto","background-attachment":"scroll","background-type":"","background-media":"","overlay-type":"","overlay-color":"","overlay-opacity":"","overlay-gradient":""}},"ast-content-background-meta":{"desktop":{"background-color":"var(--ast-global-color-5)","background-image":"","background-repeat":"repeat","background-position":"center center","background-size":"auto","background-attachment":"scroll","background-type":"","background-media":"","overlay-type":"","overlay-color":"","overlay-opacity":"","overlay-gradient":""},"tablet":{"background-color":"var(--ast-global-color-5)","background-image":"","background-repeat":"repeat","background-position":"center center","background-size":"auto","background-attachment":"scroll","background-type":"","background-media":"","overlay-type":"","overlay-color":"","overlay-opacity":"","overlay-gradient":""},"mobile":{"background-color":"var(--ast-global-color-5)","background-image":"","background-repeat":"repeat","background-position":"center center","background-size":"auto","background-attachment":"scroll","background-type":"","background-media":"","overlay-type":"","overlay-color":"","overlay-opacity":"","overlay-gradient":""}},"footnotes":""},"class_list":["post-168","page","type-page","status-publish","hentry"],"yoast_head":"<!-- This site is optimized with the Yoast SEO plugin v26.2 - https:\/\/yoast.com\/wordpress\/plugins\/seo\/ -->\n<title>Nosotros - Borda Arte<\/title>\n<meta name=\"robots\" content=\"index, follow, max-snippet:-1, max-image-preview:large, max-video-preview:-1\" \/>\n<link rel=\"canonical\" href=\"https:\/\/bordaarte.store\/index.php\/nosotros\/\" \/>\n<meta property=\"og:locale\" content=\"es_ES\" \/>\n<meta property=\"og:type\" content=\"article\" \/>\n<meta property=\"og:title\" content=\"Nosotros - Borda Arte\" \/>\n<meta property=\"og:description\" content=\"Somos un equipo de tres apasionados profesionales con m\u00e1s de 15 a\u00f1os de experiencia en el mundo del dise\u00f1o y [&hellip;]\" \/>\n<meta property=\"og:url\" content=\"https:\/\/bordaarte.store\/index.php\/nosotros\/\" \/>\n<meta property=\"og:site_name\" content=\"Borda Arte\" \/>\n<meta property=\"article:publisher\" content=\"https:\/\/www.facebook.com\/BordaArteOficial\" \/>\n<meta property=\"article:modified_time\" content=\"2024-09-17T21:19:30+00:00\" \/>\n<meta property=\"og:image\" content=\"https:\/\/bordaarte.store\/wp-content\/uploads\/2024\/06\/logo-Borda-Arte.png\" \/>\n<meta name=\"twitter:card\" content=\"summary_large_image\" \/>\n<meta name=\"twitter:label1\" content=\"Est. reading time\" \/>\n\t<meta name=\"twitter:data1\" content=\"1 minuto\" \/>\n<script type=\"application\/ld+json\" class=\"yoast-schema-graph\">{\"@context\":\"https:\/\/schema.org\",\"@graph\":[{\"@type\":\"WebPage\",\"@id\":\"https:\/\/bordaarte.store\/index.php\/nosotros\/\",\"url\":\"https:\/\/bordaarte.store\/index.php\/nosotros\/\",\"name\":\"Nosotros - Borda Arte\",\"isPartOf\":{\"@id\":\"https:\/\/bordaarte.store\/#website\"},\"primaryImageOfPage\":{\"@id\":\"https:\/\/bordaarte.store\/index.php\/nosotros\/#primaryimage\"},\"image\":{\"@id\":\"https:\/\/bordaarte.store\/index.php\/nosotros\/#primaryimage\"},\"thumbnailUrl\":\"https:\/\/bordaarte.store\/wp-content\/uploads\/2024\/06\/logo-Borda-Arte.png\",\"datePublished\":\"2024-09-10T06:39:40+00:00\",\"dateModified\":\"2024-09-17T21:19:30+00:00\",\"breadcrumb\":{\"@id\":\"https:\/\/bordaarte.store\/index.php\/nosotros\/#breadcrumb\"},\"inLanguage\":\"es-PE\",\"potentialAction\":[{\"@type\":\"ReadAction\",\"target\":[\"https:\/\/bordaarte.store\/index.php\/nosotros\/\"]}]},{\"@type\":\"ImageObject\",\"inLanguage\":\"es-PE\",\"@id\":\"https:\/\/bordaarte.store\/index.php\/nosotros\/#primaryimage\",\"url\":\"https:\/\/bordaarte.store\/wp-content\/uploads\/2024\/06\/logo-Borda-Arte.png\",\"contentUrl\":\"https:\/\/bordaarte.store\/wp-content\/uploads\/2024\/06\/logo-Borda-Arte.png\",\"width\":509,\"height\":377},{\"@type\":\"BreadcrumbList\",\"@id\":\"https:\/\/bordaarte.store\/index.php\/nosotros\/#breadcrumb\",\"itemListElement\":[{\"@type\":\"ListItem\",\"position\":1,\"name\":\"Portada\",\"item\":\"https:\/\/bordaarte.store\/\"},{\"@type\":\"ListItem\",\"position\":2,\"name\":\"Nosotros\"}]},{\"@type\":\"WebSite\",\"@id\":\"https:\/\/bordaarte.store\/#website\",\"url\":\"https:\/\/bordaarte.store\/\",\"name\":\"Borda Arte\",\"description\":\"\",\"publisher\":{\"@id\":\"https:\/\/bordaarte.store\/#organization\"},\"potentialAction\":[{\"@type\":\"SearchAction\",\"target\":{\"@type\":\"EntryPoint\",\"urlTemplate\":\"https:\/\/bordaarte.store\/?s={search_term_string}\"},\"query-input\":{\"@type\":\"PropertyValueSpecification\",\"valueRequired\":true,\"valueName\":\"search_term_string\"}}],\"inLanguage\":\"es-PE\"},{\"@type\":\"Organization\",\"@id\":\"https:\/\/bordaarte.store\/#organization\",\"name\":\"Borda Arte\",\"url\":\"https:\/\/bordaarte.store\/\",\"logo\":{\"@type\":\"ImageObject\",\"inLanguage\":\"es-PE\",\"@id\":\"https:\/\/bordaarte.store\/#\/schema\/logo\/image\/\",\"url\":\"https:\/\/bordaarte.store\/wp-content\/uploads\/2025\/10\/logo-borda-arte-store.png\",\"contentUrl\":\"https:\/\/bordaarte.store\/wp-content\/uploads\/2025\/10\/logo-borda-arte-store.png\",\"width\":366,\"height\":346,\"caption\":\"Borda Arte\"},\"image\":{\"@id\":\"https:\/\/bordaarte.store\/#\/schema\/logo\/image\/\"},\"sameAs\":[\"https:\/\/www.facebook.com\/BordaArteOficial\"]}]}<\/script>\n<!-- \/ Yoast SEO plugin. -->","yoast_head_json":{"title":"Nosotros - Borda Arte","robots":{"index":"index","follow":"follow","max-snippet":"max-snippet:-1","max-image-preview":"max-image-preview:large","max-video-preview":"max-video-preview:-1"},"canonical":"https:\/\/bordaarte.store\/index.php\/nosotros\/","og_locale":"es_ES","og_type":"article","og_title":"Nosotros - Borda Arte","og_description":"Somos un equipo de tres apasionados profesionales con m\u00e1s de 15 a\u00f1os de experiencia en el mundo del dise\u00f1o y [&hellip;]","og_url":"https:\/\/bordaarte.store\/index.php\/nosotros\/","og_site_name":"Borda Arte","article_publisher":"https:\/\/www.facebook.com\/BordaArteOficial","article_modified_time":"2024-09-17T21:19:30+00:00","og_image":[{"url":"https:\/\/bordaarte.store\/wp-content\/uploads\/2024\/06\/logo-Borda-Arte.png","type":"","width":"","height":""}],"twitter_card":"summary_large_image","twitter_misc":{"Est. reading time":"1 minuto"},"schema":{"@context":"https:\/\/schema.org","@graph":[{"@type":"WebPage","@id":"https:\/\/bordaarte.store\/index.php\/nosotros\/","url":"https:\/\/bordaarte.store\/index.php\/nosotros\/","name":"Nosotros - Borda Arte","isPartOf":{"@id":"https:\/\/bordaarte.store\/#website"},"primaryImageOfPage":{"@id":"https:\/\/bordaarte.store\/index.php\/nosotros\/#primaryimage"},"image":{"@id":"https:\/\/bordaarte.store\/index.php\/nosotros\/#primaryimage"},"thumbnailUrl":"https:\/\/bordaarte.store\/wp-content\/uploads\/2024\/06\/logo-Borda-Arte.png","datePublished":"2024-09-10T06:39:40+00:00","dateModified":"2024-09-17T21:19:30+00:00","breadcrumb":{"@id":"https:\/\/bordaarte.store\/index.php\/nosotros\/#breadcrumb"},"inLanguage":"es-PE","potentialAction":[{"@type":"ReadAction","target":["https:\/\/bordaarte.store\/index.php\/nosotros\/"]}]},{"@type":"ImageObject","inLanguage":"es-PE","@id":"https:\/\/bordaarte.store\/index.php\/nosotros\/#primaryimage","url":"https:\/\/bordaarte.store\/wp-content\/uploads\/2024\/06\/logo-Borda-Arte.png","contentUrl":"https:\/\/bordaarte.store\/wp-content\/uploads\/2024\/06\/logo-Borda-Arte.png","width":509,"height":377},{"@type":"BreadcrumbList","@id":"https:\/\/bordaarte.store\/index.php\/nosotros\/#breadcrumb","itemListElement":[{"@type":"ListItem","position":1,"name":"Portada","item":"https:\/\/bordaarte.store\/"},{"@type":"ListItem","position":2,"name":"Nosotros"}]},{"@type":"WebSite","@id":"https:\/\/bordaarte.store\/#website","url":"https:\/\/bordaarte.store\/","name":"Borda Arte","description":"","publisher":{"@id":"https:\/\/bordaarte.store\/#organization"},"potentialAction":[{"@type":"SearchAction","target":{"@type":"EntryPoint","urlTemplate":"https:\/\/bordaarte.store\/?s={search_term_string}"},"query-input":{"@type":"PropertyValueSpecification","valueRequired":true,"valueName":"search_term_string"}}],"inLanguage":"es-PE"},{"@type":"Organization","@id":"https:\/\/bordaarte.store\/#organization","name":"Borda Arte","url":"https:\/\/bordaarte.store\/","logo":{"@type":"ImageObject","inLanguage":"es-PE","@id":"https:\/\/bordaarte.store\/#\/schema\/logo\/image\/","url":"https:\/\/bordaarte.store\/wp-content\/uploads\/2025\/10\/logo-borda-arte-store.png","contentUrl":"https:\/\/bordaarte.store\/wp-content\/uploads\/2025\/10\/logo-borda-arte-store.png","width":366,"height":346,"caption":"Borda Arte"},"image":{"@id":"https:\/\/bordaarte.store\/#\/schema\/logo\/image\/"},"sameAs":["https:\/\/www.facebook.com\/BordaArteOficial"]}]}},"_hostinger_reach_plugin_has_subscription_block":false,"_hostinger_reach_plugin_is_elementor":false,"_links":{"self":[{"href":"https:\/\/bordaarte.store\/index.php\/wp-json\/wp\/v2\/pages\/168","targetHints":{"allow":["GET"]}}],"collection":[{"href":"https:\/\/bordaarte.store\/index.php\/wp-json\/wp\/v2\/pages"}],"about":[{"href":"https:\/\/bordaarte.store\/index.php\/wp-json\/wp\/v2\/types\/page"}],"author":[{"embeddable":true,"href":"https:\/\/bordaarte.store\/index.php\/wp-json\/wp\/v2\/users\/1"}],"replies":[{"embeddable":true,"href":"https:\/\/bordaarte.store\/index.php\/wp-json\/wp\/v2\/comments?post=168"}],"version-history":[{"count":16,"href":"https:\/\/bordaarte.store\/index.php\/wp-json\/wp\/v2\/pages\/168\/revisions"}],"predecessor-version":[{"id":556,"href":"https:\/\/bordaarte.store\/index.php\/wp-json\/wp\/v2\/pages\/168\/revisions\/556"}],"wp:attachment":[{"href":"https:\/\/bordaarte.store\/index.php\/wp-json\/wp\/v2\/media?parent=168"}],"curies":[{"name":"wp","href":"https:\/\/api.w.org\/{rel}","templated":true}]}}