{"id":1165,"date":"2025-10-15T14:19:15","date_gmt":"2025-10-15T19:19:15","guid":{"rendered":"https:\/\/bordaarte.store\/?post_type=product&#038;p=1165"},"modified":"2025-10-15T14:19:15","modified_gmt":"2025-10-15T19:19:15","slug":"ghostcat","status":"publish","type":"product","link":"https:\/\/bordaarte.store\/index.php\/product\/ghostcat\/","title":{"rendered":"GhostCat"},"content":{"rendered":"<p data-start=\"913\" data-end=\"1337\">El dise\u00f1o <strong data-start=\"923\" data-end=\"937\">\u00abGhostCat\u00bb<\/strong> es un bordado digital \u00fanico que mezcla dulzura y diversi\u00f3n al estilo de Halloween.<br data-start=\"1020\" data-end=\"1023\" \/>Representa a un <strong data-start=\"1039\" data-end=\"1081\">tierno fantasma beb\u00e9 con gorro naranja<\/strong>, sosteniendo un vaso con una bebida colorida, mientras un <strong data-start=\"1140\" data-end=\"1189\">adorable gato blanco con alas y orejas verdes<\/strong> descansa sobre una <strong data-start=\"1209\" data-end=\"1239\">calabaza naranja brillante<\/strong>. Alrededor, peque\u00f1os <strong data-start=\"1261\" data-end=\"1276\">murci\u00e9lagos<\/strong> agregan un toque de movimiento y encanto a la composici\u00f3n.<\/p>\n<p data-start=\"913\" data-end=\"1337\">\n<p data-start=\"1339\" data-end=\"1701\">Este dise\u00f1o fue cuidadosamente creado con <strong data-start=\"1381\" data-end=\"1391\">Wilcom<\/strong>, utilizando efectos de relleno y combinaciones de color que aportan profundidad y textura, logrando un resultado visualmente atractivo y profesional.<br data-start=\"1541\" data-end=\"1544\" \/>Ideal para bordar en <strong data-start=\"1565\" data-end=\"1631\">camisetas, sudaderas, bolsos, cojines o decoraciones tem\u00e1ticas<\/strong>, y completamente compatible con m\u00e1quinas dom\u00e9sticas e industriales.<\/p>\n<p data-start=\"1339\" data-end=\"1701\">\n<p data-start=\"1703\" data-end=\"1954\">Incluye m\u00faltiples formatos\u00a0para garantizar compatibilidad total.<br data-start=\"1808\" data-end=\"1811\" \/><strong data-start=\"1811\" data-end=\"1825\">\u00abGhostCat\u00bb<\/strong> es perfecto para quienes buscan un dise\u00f1o original, tierno y con ese toque m\u00e1gico que hace especial la temporada de Halloween.<\/p>\n<p data-start=\"1703\" data-end=\"1954\">\n<p><b>Tama\u00f1os Disponibles:<\/b><\/p>\n<p><span style=\"font-weight: 400;\">(70.8 x 85.3 mm)<\/span><\/p>\n<p><b>Formatos Disponibles:<\/b><\/p>\n<p><span style=\"font-weight: 400;\">EMB,DST,PES,HUS,TAP,EXP,DSB,SEW<\/span><\/p>\n<p><b>Puntadas:<\/b><\/p>\n<p><span style=\"font-weight: 400;\">15.946<\/span><\/p>\n","protected":false},"excerpt":{"rendered":"<p>El dise\u00f1o <strong data-start=\"231\" data-end=\"245\">\u00abGhostCat\u00bb<\/strong> combina ternura y esp\u00edritu festivo en un bordado encantador. Presenta a un peque\u00f1o fantasma con gorro naranja, un vaso con bebida misteriosa y un adorable gato blanco con alas y orejas verdes, sentado sobre una calabaza. A su alrededor, vuelan peque\u00f1os murci\u00e9lagos que completan la escena. Un dise\u00f1o colorido, dulce y perfecto para los proyectos de Halloween m\u00e1s creativos.<\/p>\n","protected":false},"featured_media":1167,"comment_status":"closed","ping_status":"closed","template":"","meta":{"site-sidebar-layout":"default","site-content-layout":"","ast-site-content-layout":"default","site-content-style":"default","site-sidebar-style":"default","ast-global-header-display":"","ast-banner-title-visibility":"","ast-main-header-display":"","ast-hfb-above-header-display":"","ast-hfb-below-header-display":"","ast-hfb-mobile-header-display":"","site-post-title":"","ast-breadcrumbs-content":"","ast-featured-img":"","footer-sml-layout":"","theme-transparent-header-meta":"default","adv-header-id-meta":"","stick-header-meta":"","header-above-stick-meta":"","header-main-stick-meta":"","header-below-stick-meta":"","astra-migrate-meta-layouts":"set","ast-page-background-enabled":"default","ast-page-background-meta":{"desktop":{"background-color":"var(--ast-global-color-4)","background-image":"","background-repeat":"repeat","background-position":"center center","background-size":"auto","background-attachment":"scroll","background-type":"","background-media":"","overlay-type":"","overlay-color":"","overlay-opacity":"","overlay-gradient":""},"tablet":{"background-color":"","background-image":"","background-repeat":"repeat","background-position":"center center","background-size":"auto","background-attachment":"scroll","background-type":"","background-media":"","overlay-type":"","overlay-color":"","overlay-opacity":"","overlay-gradient":""},"mobile":{"background-color":"","background-image":"","background-repeat":"repeat","background-position":"center center","background-size":"auto","background-attachment":"scroll","background-type":"","background-media":"","overlay-type":"","overlay-color":"","overlay-opacity":"","overlay-gradient":""}},"ast-content-background-meta":{"desktop":{"background-color":"var(--ast-global-color-5)","background-image":"","background-repeat":"repeat","background-position":"center center","background-size":"auto","background-attachment":"scroll","background-type":"","background-media":"","overlay-type":"","overlay-color":"","overlay-opacity":"","overlay-gradient":""},"tablet":{"background-color":"var(--ast-global-color-5)","background-image":"","background-repeat":"repeat","background-position":"center center","background-size":"auto","background-attachment":"scroll","background-type":"","background-media":"","overlay-type":"","overlay-color":"","overlay-opacity":"","overlay-gradient":""},"mobile":{"background-color":"var(--ast-global-color-5)","background-image":"","background-repeat":"repeat","background-position":"center center","background-size":"auto","background-attachment":"scroll","background-type":"","background-media":"","overlay-type":"","overlay-color":"","overlay-opacity":"","overlay-gradient":""}}},"product_brand":[],"product_cat":[35],"product_tag":[],"class_list":{"0":"post-1165","1":"product","2":"type-product","3":"status-publish","4":"has-post-thumbnail","6":"product_cat-halloween","7":"desktop-align-left","8":"tablet-align-left","9":"mobile-align-left","11":"first","12":"instock","13":"sale","14":"downloadable","15":"virtual","16":"taxable","17":"purchasable","18":"product-type-simple"},"yoast_head":"<!-- This site is optimized with the Yoast SEO plugin v26.2 - https:\/\/yoast.com\/wordpress\/plugins\/seo\/ -->\n<title>GhostCat - Borda Arte<\/title>\n<meta name=\"robots\" content=\"index, follow, max-snippet:-1, max-image-preview:large, max-video-preview:-1\" \/>\n<link rel=\"canonical\" href=\"https:\/\/bordaarte.store\/index.php\/product\/ghostcat\/\" \/>\n<meta property=\"og:locale\" content=\"es_ES\" \/>\n<meta property=\"og:type\" content=\"article\" \/>\n<meta property=\"og:title\" content=\"GhostCat - Borda Arte\" \/>\n<meta property=\"og:description\" content=\"El dise\u00f1o \u00abGhostCat\u00bb combina ternura y esp\u00edritu festivo en un bordado encantador. Presenta a un peque\u00f1o fantasma con gorro naranja, un vaso con bebida misteriosa y un adorable gato blanco con alas y orejas verdes, sentado sobre una calabaza. A su alrededor, vuelan peque\u00f1os murci\u00e9lagos que completan la escena. Un dise\u00f1o colorido, dulce y perfecto para los proyectos de Halloween m\u00e1s creativos.\" \/>\n<meta property=\"og:url\" content=\"https:\/\/bordaarte.store\/index.php\/product\/ghostcat\/\" \/>\n<meta property=\"og:site_name\" content=\"Borda Arte\" \/>\n<meta property=\"article:publisher\" content=\"https:\/\/www.facebook.com\/BordaArteOficial\" \/>\n<meta property=\"og:image\" content=\"https:\/\/bordaarte.store\/wp-content\/uploads\/2025\/10\/Cover-Fantasmin.jpg\" \/>\n\t<meta property=\"og:image:width\" content=\"1202\" \/>\n\t<meta property=\"og:image:height\" content=\"1204\" \/>\n\t<meta property=\"og:image:type\" content=\"image\/jpeg\" \/>\n<meta name=\"twitter:card\" content=\"summary_large_image\" \/>\n<meta name=\"twitter:label1\" content=\"Est. reading time\" \/>\n\t<meta name=\"twitter:data1\" content=\"1 minuto\" \/>\n<script type=\"application\/ld+json\" class=\"yoast-schema-graph\">{\"@context\":\"https:\/\/schema.org\",\"@graph\":[{\"@type\":\"WebPage\",\"@id\":\"https:\/\/bordaarte.store\/index.php\/product\/ghostcat\/\",\"url\":\"https:\/\/bordaarte.store\/index.php\/product\/ghostcat\/\",\"name\":\"GhostCat - Borda Arte\",\"isPartOf\":{\"@id\":\"https:\/\/bordaarte.store\/#website\"},\"primaryImageOfPage\":{\"@id\":\"https:\/\/bordaarte.store\/index.php\/product\/ghostcat\/#primaryimage\"},\"image\":{\"@id\":\"https:\/\/bordaarte.store\/index.php\/product\/ghostcat\/#primaryimage\"},\"thumbnailUrl\":\"https:\/\/bordaarte.store\/wp-content\/uploads\/2025\/10\/Cover-Fantasmin.jpg\",\"datePublished\":\"2025-10-15T19:19:15+00:00\",\"breadcrumb\":{\"@id\":\"https:\/\/bordaarte.store\/index.php\/product\/ghostcat\/#breadcrumb\"},\"inLanguage\":\"es-PE\",\"potentialAction\":[{\"@type\":\"ReadAction\",\"target\":[\"https:\/\/bordaarte.store\/index.php\/product\/ghostcat\/\"]}]},{\"@type\":\"ImageObject\",\"inLanguage\":\"es-PE\",\"@id\":\"https:\/\/bordaarte.store\/index.php\/product\/ghostcat\/#primaryimage\",\"url\":\"https:\/\/bordaarte.store\/wp-content\/uploads\/2025\/10\/Cover-Fantasmin.jpg\",\"contentUrl\":\"https:\/\/bordaarte.store\/wp-content\/uploads\/2025\/10\/Cover-Fantasmin.jpg\",\"width\":1202,\"height\":1204,\"caption\":\"#GhostCat #BordadoHalloween #EmbroideryDesign #BordadoComputarizado #Dise\u00f1osDeBordado #BordadoFantasma #GatoFantasma #HalloweenEmbroidery #BordadoDigital #BordadoCreativo #Murci\u00e9lagos #CalabazaHalloween #BordadoPersonalizado\"},{\"@type\":\"BreadcrumbList\",\"@id\":\"https:\/\/bordaarte.store\/index.php\/product\/ghostcat\/#breadcrumb\",\"itemListElement\":[{\"@type\":\"ListItem\",\"position\":1,\"name\":\"Portada\",\"item\":\"https:\/\/bordaarte.store\/\"},{\"@type\":\"ListItem\",\"position\":2,\"name\":\"Shop\",\"item\":\"https:\/\/bordaarte.store\/index.php\/shop\/\"},{\"@type\":\"ListItem\",\"position\":3,\"name\":\"GhostCat\"}]},{\"@type\":\"WebSite\",\"@id\":\"https:\/\/bordaarte.store\/#website\",\"url\":\"https:\/\/bordaarte.store\/\",\"name\":\"Borda Arte\",\"description\":\"\",\"publisher\":{\"@id\":\"https:\/\/bordaarte.store\/#organization\"},\"potentialAction\":[{\"@type\":\"SearchAction\",\"target\":{\"@type\":\"EntryPoint\",\"urlTemplate\":\"https:\/\/bordaarte.store\/?s={search_term_string}\"},\"query-input\":{\"@type\":\"PropertyValueSpecification\",\"valueRequired\":true,\"valueName\":\"search_term_string\"}}],\"inLanguage\":\"es-PE\"},{\"@type\":\"Organization\",\"@id\":\"https:\/\/bordaarte.store\/#organization\",\"name\":\"Borda Arte\",\"url\":\"https:\/\/bordaarte.store\/\",\"logo\":{\"@type\":\"ImageObject\",\"inLanguage\":\"es-PE\",\"@id\":\"https:\/\/bordaarte.store\/#\/schema\/logo\/image\/\",\"url\":\"https:\/\/bordaarte.store\/wp-content\/uploads\/2025\/10\/logo-borda-arte-store.png\",\"contentUrl\":\"https:\/\/bordaarte.store\/wp-content\/uploads\/2025\/10\/logo-borda-arte-store.png\",\"width\":366,\"height\":346,\"caption\":\"Borda Arte\"},\"image\":{\"@id\":\"https:\/\/bordaarte.store\/#\/schema\/logo\/image\/\"},\"sameAs\":[\"https:\/\/www.facebook.com\/BordaArteOficial\"]}]}<\/script>\n<!-- \/ Yoast SEO plugin. -->","yoast_head_json":{"title":"GhostCat - Borda Arte","robots":{"index":"index","follow":"follow","max-snippet":"max-snippet:-1","max-image-preview":"max-image-preview:large","max-video-preview":"max-video-preview:-1"},"canonical":"https:\/\/bordaarte.store\/index.php\/product\/ghostcat\/","og_locale":"es_ES","og_type":"article","og_title":"GhostCat - Borda Arte","og_description":"El dise\u00f1o \u00abGhostCat\u00bb combina ternura y esp\u00edritu festivo en un bordado encantador. Presenta a un peque\u00f1o fantasma con gorro naranja, un vaso con bebida misteriosa y un adorable gato blanco con alas y orejas verdes, sentado sobre una calabaza. A su alrededor, vuelan peque\u00f1os murci\u00e9lagos que completan la escena. Un dise\u00f1o colorido, dulce y perfecto para los proyectos de Halloween m\u00e1s creativos.","og_url":"https:\/\/bordaarte.store\/index.php\/product\/ghostcat\/","og_site_name":"Borda Arte","article_publisher":"https:\/\/www.facebook.com\/BordaArteOficial","og_image":[{"width":1202,"height":1204,"url":"https:\/\/bordaarte.store\/wp-content\/uploads\/2025\/10\/Cover-Fantasmin.jpg","type":"image\/jpeg"}],"twitter_card":"summary_large_image","twitter_misc":{"Est. reading time":"1 minuto"},"schema":{"@context":"https:\/\/schema.org","@graph":[{"@type":"WebPage","@id":"https:\/\/bordaarte.store\/index.php\/product\/ghostcat\/","url":"https:\/\/bordaarte.store\/index.php\/product\/ghostcat\/","name":"GhostCat - Borda Arte","isPartOf":{"@id":"https:\/\/bordaarte.store\/#website"},"primaryImageOfPage":{"@id":"https:\/\/bordaarte.store\/index.php\/product\/ghostcat\/#primaryimage"},"image":{"@id":"https:\/\/bordaarte.store\/index.php\/product\/ghostcat\/#primaryimage"},"thumbnailUrl":"https:\/\/bordaarte.store\/wp-content\/uploads\/2025\/10\/Cover-Fantasmin.jpg","datePublished":"2025-10-15T19:19:15+00:00","breadcrumb":{"@id":"https:\/\/bordaarte.store\/index.php\/product\/ghostcat\/#breadcrumb"},"inLanguage":"es-PE","potentialAction":[{"@type":"ReadAction","target":["https:\/\/bordaarte.store\/index.php\/product\/ghostcat\/"]}]},{"@type":"ImageObject","inLanguage":"es-PE","@id":"https:\/\/bordaarte.store\/index.php\/product\/ghostcat\/#primaryimage","url":"https:\/\/bordaarte.store\/wp-content\/uploads\/2025\/10\/Cover-Fantasmin.jpg","contentUrl":"https:\/\/bordaarte.store\/wp-content\/uploads\/2025\/10\/Cover-Fantasmin.jpg","width":1202,"height":1204,"caption":"#GhostCat #BordadoHalloween #EmbroideryDesign #BordadoComputarizado #Dise\u00f1osDeBordado #BordadoFantasma #GatoFantasma #HalloweenEmbroidery #BordadoDigital #BordadoCreativo #Murci\u00e9lagos #CalabazaHalloween #BordadoPersonalizado"},{"@type":"BreadcrumbList","@id":"https:\/\/bordaarte.store\/index.php\/product\/ghostcat\/#breadcrumb","itemListElement":[{"@type":"ListItem","position":1,"name":"Portada","item":"https:\/\/bordaarte.store\/"},{"@type":"ListItem","position":2,"name":"Shop","item":"https:\/\/bordaarte.store\/index.php\/shop\/"},{"@type":"ListItem","position":3,"name":"GhostCat"}]},{"@type":"WebSite","@id":"https:\/\/bordaarte.store\/#website","url":"https:\/\/bordaarte.store\/","name":"Borda Arte","description":"","publisher":{"@id":"https:\/\/bordaarte.store\/#organization"},"potentialAction":[{"@type":"SearchAction","target":{"@type":"EntryPoint","urlTemplate":"https:\/\/bordaarte.store\/?s={search_term_string}"},"query-input":{"@type":"PropertyValueSpecification","valueRequired":true,"valueName":"search_term_string"}}],"inLanguage":"es-PE"},{"@type":"Organization","@id":"https:\/\/bordaarte.store\/#organization","name":"Borda Arte","url":"https:\/\/bordaarte.store\/","logo":{"@type":"ImageObject","inLanguage":"es-PE","@id":"https:\/\/bordaarte.store\/#\/schema\/logo\/image\/","url":"https:\/\/bordaarte.store\/wp-content\/uploads\/2025\/10\/logo-borda-arte-store.png","contentUrl":"https:\/\/bordaarte.store\/wp-content\/uploads\/2025\/10\/logo-borda-arte-store.png","width":366,"height":346,"caption":"Borda Arte"},"image":{"@id":"https:\/\/bordaarte.store\/#\/schema\/logo\/image\/"},"sameAs":["https:\/\/www.facebook.com\/BordaArteOficial"]}]}},"_links":{"self":[{"href":"https:\/\/bordaarte.store\/index.php\/wp-json\/wp\/v2\/product\/1165","targetHints":{"allow":["GET"]}}],"collection":[{"href":"https:\/\/bordaarte.store\/index.php\/wp-json\/wp\/v2\/product"}],"about":[{"href":"https:\/\/bordaarte.store\/index.php\/wp-json\/wp\/v2\/types\/product"}],"replies":[{"embeddable":true,"href":"https:\/\/bordaarte.store\/index.php\/wp-json\/wp\/v2\/comments?post=1165"}],"wp:featuredmedia":[{"embeddable":true,"href":"https:\/\/bordaarte.store\/index.php\/wp-json\/wp\/v2\/media\/1167"}],"wp:attachment":[{"href":"https:\/\/bordaarte.store\/index.php\/wp-json\/wp\/v2\/media?parent=1165"}],"wp:term":[{"taxonomy":"product_brand","embeddable":true,"href":"https:\/\/bordaarte.store\/index.php\/wp-json\/wp\/v2\/product_brand?post=1165"},{"taxonomy":"product_cat","embeddable":true,"href":"https:\/\/bordaarte.store\/index.php\/wp-json\/wp\/v2\/product_cat?post=1165"},{"taxonomy":"product_tag","embeddable":true,"href":"https:\/\/bordaarte.store\/index.php\/wp-json\/wp\/v2\/product_tag?post=1165"}],"curies":[{"name":"wp","href":"https:\/\/api.w.org\/{rel}","templated":true}]}}