{"id":1187,"date":"2025-10-15T14:42:35","date_gmt":"2025-10-15T19:42:35","guid":{"rendered":"https:\/\/bordaarte.store\/?post_type=product&#038;p=1187"},"modified":"2025-10-15T14:42:51","modified_gmt":"2025-10-15T19:42:51","slug":"ghost-cats","status":"publish","type":"product","link":"https:\/\/bordaarte.store\/index.php\/product\/ghost-cats\/","title":{"rendered":"Ghost Cats"},"content":{"rendered":"<p data-start=\"991\" data-end=\"1436\">El dise\u00f1o <strong data-start=\"1001\" data-end=\"1017\">\u00abGhost Cats\u00bb<\/strong> es una creaci\u00f3n tierna y encantadora, ideal para la temporada de Halloween.<br data-start=\"1093\" data-end=\"1096\" \/>Incluye <strong data-start=\"1104\" data-end=\"1130\">tres gatitos fantasmas<\/strong> con expresiones dulces, acompa\u00f1ados de una <strong data-start=\"1174\" data-end=\"1194\">calabaza naranja<\/strong>, <strong data-start=\"1196\" data-end=\"1220\">murci\u00e9lagos peque\u00f1os<\/strong> y <strong data-start=\"1223\" data-end=\"1248\">estrellas decorativas<\/strong> que aportan brillo y movimiento al conjunto. Su composici\u00f3n equilibrada lo hace perfecto para bordar en el <strong data-start=\"1356\" data-end=\"1373\">pecho central<\/strong> de camisetas, sudaderas, bolsos o cualquier prenda tem\u00e1tica.<\/p>\n<p data-start=\"1438\" data-end=\"1763\">Digitalizado con precisi\u00f3n en <strong data-start=\"1468\" data-end=\"1478\">Wilcom<\/strong>, este dise\u00f1o utiliza efectos de relleno y puntadas limpias que garantizan un acabado de alta calidad tanto en m\u00e1quinas <strong data-start=\"1598\" data-end=\"1630\">dom\u00e9sticas como industriales<\/strong>.<\/p>\n<p data-start=\"1438\" data-end=\"1763\"><br data-start=\"1631\" data-end=\"1634\" \/>Est\u00e1 disponible en una amplia variedad de formatos para asegurar compatibilidad total.<\/p>\n<p data-start=\"1765\" data-end=\"1933\"><strong data-start=\"1765\" data-end=\"1781\">\u00abGhost Cats\u00bb<\/strong> combina ternura, dise\u00f1o y profesionalismo, siendo una opci\u00f3n perfecta para quienes desean a\u00f1adir un toque dulce y festivo a sus proyectos de bordado.<\/p>\n<p><b>Tama\u00f1os Disponibles:<\/b><\/p>\n<p><span style=\"font-weight: 400;\">(151 x 97 mm)<\/span><\/p>\n<p><b>Formatos Disponibles:<\/b><\/p>\n<p><span style=\"font-weight: 400;\">EMB,DST,PES,HUS,TAP,EXP,DSB,SEW<\/span><\/p>\n<p><b>Puntadas:<\/b><\/p>\n<p><span style=\"font-weight: 400;\">15.991<\/span><\/p>\n","protected":false},"excerpt":{"rendered":"<p>El dise\u00f1o <strong data-start=\"304\" data-end=\"320\">\u00abGhost Cats\u00bb<\/strong> presenta a tres adorables gatos fantasmas acompa\u00f1ados de una calabaza naranja, peque\u00f1os murci\u00e9lagos y brillantes estrellas que completan la escena. Perfecto para bordar en el centro del pecho o como detalle decorativo, este dise\u00f1o destaca por su ternura, equilibrio y calidad profesional. Ideal para dar un toque encantador y festivo a cualquier prenda o accesorio de Halloween.<\/p>\n","protected":false},"featured_media":1189,"comment_status":"closed","ping_status":"closed","template":"","meta":{"site-sidebar-layout":"default","site-content-layout":"","ast-site-content-layout":"default","site-content-style":"default","site-sidebar-style":"default","ast-global-header-display":"","ast-banner-title-visibility":"","ast-main-header-display":"","ast-hfb-above-header-display":"","ast-hfb-below-header-display":"","ast-hfb-mobile-header-display":"","site-post-title":"","ast-breadcrumbs-content":"","ast-featured-img":"","footer-sml-layout":"","theme-transparent-header-meta":"default","adv-header-id-meta":"","stick-header-meta":"","header-above-stick-meta":"","header-main-stick-meta":"","header-below-stick-meta":"","astra-migrate-meta-layouts":"set","ast-page-background-enabled":"default","ast-page-background-meta":{"desktop":{"background-color":"var(--ast-global-color-4)","background-image":"","background-repeat":"repeat","background-position":"center center","background-size":"auto","background-attachment":"scroll","background-type":"","background-media":"","overlay-type":"","overlay-color":"","overlay-opacity":"","overlay-gradient":""},"tablet":{"background-color":"","background-image":"","background-repeat":"repeat","background-position":"center center","background-size":"auto","background-attachment":"scroll","background-type":"","background-media":"","overlay-type":"","overlay-color":"","overlay-opacity":"","overlay-gradient":""},"mobile":{"background-color":"","background-image":"","background-repeat":"repeat","background-position":"center center","background-size":"auto","background-attachment":"scroll","background-type":"","background-media":"","overlay-type":"","overlay-color":"","overlay-opacity":"","overlay-gradient":""}},"ast-content-background-meta":{"desktop":{"background-color":"var(--ast-global-color-5)","background-image":"","background-repeat":"repeat","background-position":"center center","background-size":"auto","background-attachment":"scroll","background-type":"","background-media":"","overlay-type":"","overlay-color":"","overlay-opacity":"","overlay-gradient":""},"tablet":{"background-color":"var(--ast-global-color-5)","background-image":"","background-repeat":"repeat","background-position":"center center","background-size":"auto","background-attachment":"scroll","background-type":"","background-media":"","overlay-type":"","overlay-color":"","overlay-opacity":"","overlay-gradient":""},"mobile":{"background-color":"var(--ast-global-color-5)","background-image":"","background-repeat":"repeat","background-position":"center center","background-size":"auto","background-attachment":"scroll","background-type":"","background-media":"","overlay-type":"","overlay-color":"","overlay-opacity":"","overlay-gradient":""}}},"product_brand":[],"product_cat":[35],"product_tag":[],"class_list":{"0":"post-1187","1":"product","2":"type-product","3":"status-publish","4":"has-post-thumbnail","6":"product_cat-halloween","7":"desktop-align-left","8":"tablet-align-left","9":"mobile-align-left","11":"first","12":"instock","13":"sale","14":"downloadable","15":"virtual","16":"taxable","17":"purchasable","18":"product-type-simple"},"yoast_head":"<!-- This site is optimized with the Yoast SEO plugin v26.2 - https:\/\/yoast.com\/wordpress\/plugins\/seo\/ -->\n<title>Ghost Cats - Borda Arte<\/title>\n<meta name=\"robots\" content=\"index, follow, max-snippet:-1, max-image-preview:large, max-video-preview:-1\" \/>\n<link rel=\"canonical\" href=\"https:\/\/bordaarte.store\/index.php\/product\/ghost-cats\/\" \/>\n<meta property=\"og:locale\" content=\"es_ES\" \/>\n<meta property=\"og:type\" content=\"article\" \/>\n<meta property=\"og:title\" content=\"Ghost Cats - Borda Arte\" \/>\n<meta property=\"og:description\" content=\"El dise\u00f1o \u00abGhost Cats\u00bb presenta a tres adorables gatos fantasmas acompa\u00f1ados de una calabaza naranja, peque\u00f1os murci\u00e9lagos y brillantes estrellas que completan la escena. Perfecto para bordar en el centro del pecho o como detalle decorativo, este dise\u00f1o destaca por su ternura, equilibrio y calidad profesional. Ideal para dar un toque encantador y festivo a cualquier prenda o accesorio de Halloween.\" \/>\n<meta property=\"og:url\" content=\"https:\/\/bordaarte.store\/index.php\/product\/ghost-cats\/\" \/>\n<meta property=\"og:site_name\" content=\"Borda Arte\" \/>\n<meta property=\"article:publisher\" content=\"https:\/\/www.facebook.com\/BordaArteOficial\" \/>\n<meta property=\"article:modified_time\" content=\"2025-10-15T19:42:51+00:00\" \/>\n<meta property=\"og:image\" content=\"https:\/\/bordaarte.store\/wp-content\/uploads\/2025\/10\/Cover-Ghost-Cats.jpg\" \/>\n\t<meta property=\"og:image:width\" content=\"1202\" \/>\n\t<meta property=\"og:image:height\" content=\"1204\" \/>\n\t<meta property=\"og:image:type\" content=\"image\/jpeg\" \/>\n<meta name=\"twitter:card\" content=\"summary_large_image\" \/>\n<meta name=\"twitter:label1\" content=\"Est. reading time\" \/>\n\t<meta name=\"twitter:data1\" content=\"1 minuto\" \/>\n<script type=\"application\/ld+json\" class=\"yoast-schema-graph\">{\"@context\":\"https:\/\/schema.org\",\"@graph\":[{\"@type\":\"WebPage\",\"@id\":\"https:\/\/bordaarte.store\/index.php\/product\/ghost-cats\/\",\"url\":\"https:\/\/bordaarte.store\/index.php\/product\/ghost-cats\/\",\"name\":\"Ghost Cats - Borda Arte\",\"isPartOf\":{\"@id\":\"https:\/\/bordaarte.store\/#website\"},\"primaryImageOfPage\":{\"@id\":\"https:\/\/bordaarte.store\/index.php\/product\/ghost-cats\/#primaryimage\"},\"image\":{\"@id\":\"https:\/\/bordaarte.store\/index.php\/product\/ghost-cats\/#primaryimage\"},\"thumbnailUrl\":\"https:\/\/bordaarte.store\/wp-content\/uploads\/2025\/10\/Cover-Ghost-Cats.jpg\",\"datePublished\":\"2025-10-15T19:42:35+00:00\",\"dateModified\":\"2025-10-15T19:42:51+00:00\",\"breadcrumb\":{\"@id\":\"https:\/\/bordaarte.store\/index.php\/product\/ghost-cats\/#breadcrumb\"},\"inLanguage\":\"es-PE\",\"potentialAction\":[{\"@type\":\"ReadAction\",\"target\":[\"https:\/\/bordaarte.store\/index.php\/product\/ghost-cats\/\"]}]},{\"@type\":\"ImageObject\",\"inLanguage\":\"es-PE\",\"@id\":\"https:\/\/bordaarte.store\/index.php\/product\/ghost-cats\/#primaryimage\",\"url\":\"https:\/\/bordaarte.store\/wp-content\/uploads\/2025\/10\/Cover-Ghost-Cats.jpg\",\"contentUrl\":\"https:\/\/bordaarte.store\/wp-content\/uploads\/2025\/10\/Cover-Ghost-Cats.jpg\",\"width\":1202,\"height\":1204},{\"@type\":\"BreadcrumbList\",\"@id\":\"https:\/\/bordaarte.store\/index.php\/product\/ghost-cats\/#breadcrumb\",\"itemListElement\":[{\"@type\":\"ListItem\",\"position\":1,\"name\":\"Portada\",\"item\":\"https:\/\/bordaarte.store\/\"},{\"@type\":\"ListItem\",\"position\":2,\"name\":\"Shop\",\"item\":\"https:\/\/bordaarte.store\/index.php\/shop\/\"},{\"@type\":\"ListItem\",\"position\":3,\"name\":\"Ghost Cats\"}]},{\"@type\":\"WebSite\",\"@id\":\"https:\/\/bordaarte.store\/#website\",\"url\":\"https:\/\/bordaarte.store\/\",\"name\":\"Borda Arte\",\"description\":\"\",\"publisher\":{\"@id\":\"https:\/\/bordaarte.store\/#organization\"},\"potentialAction\":[{\"@type\":\"SearchAction\",\"target\":{\"@type\":\"EntryPoint\",\"urlTemplate\":\"https:\/\/bordaarte.store\/?s={search_term_string}\"},\"query-input\":{\"@type\":\"PropertyValueSpecification\",\"valueRequired\":true,\"valueName\":\"search_term_string\"}}],\"inLanguage\":\"es-PE\"},{\"@type\":\"Organization\",\"@id\":\"https:\/\/bordaarte.store\/#organization\",\"name\":\"Borda Arte\",\"url\":\"https:\/\/bordaarte.store\/\",\"logo\":{\"@type\":\"ImageObject\",\"inLanguage\":\"es-PE\",\"@id\":\"https:\/\/bordaarte.store\/#\/schema\/logo\/image\/\",\"url\":\"https:\/\/bordaarte.store\/wp-content\/uploads\/2025\/10\/logo-borda-arte-store.png\",\"contentUrl\":\"https:\/\/bordaarte.store\/wp-content\/uploads\/2025\/10\/logo-borda-arte-store.png\",\"width\":366,\"height\":346,\"caption\":\"Borda Arte\"},\"image\":{\"@id\":\"https:\/\/bordaarte.store\/#\/schema\/logo\/image\/\"},\"sameAs\":[\"https:\/\/www.facebook.com\/BordaArteOficial\"]}]}<\/script>\n<!-- \/ Yoast SEO plugin. -->","yoast_head_json":{"title":"Ghost Cats - Borda Arte","robots":{"index":"index","follow":"follow","max-snippet":"max-snippet:-1","max-image-preview":"max-image-preview:large","max-video-preview":"max-video-preview:-1"},"canonical":"https:\/\/bordaarte.store\/index.php\/product\/ghost-cats\/","og_locale":"es_ES","og_type":"article","og_title":"Ghost Cats - Borda Arte","og_description":"El dise\u00f1o \u00abGhost Cats\u00bb presenta a tres adorables gatos fantasmas acompa\u00f1ados de una calabaza naranja, peque\u00f1os murci\u00e9lagos y brillantes estrellas que completan la escena. Perfecto para bordar en el centro del pecho o como detalle decorativo, este dise\u00f1o destaca por su ternura, equilibrio y calidad profesional. Ideal para dar un toque encantador y festivo a cualquier prenda o accesorio de Halloween.","og_url":"https:\/\/bordaarte.store\/index.php\/product\/ghost-cats\/","og_site_name":"Borda Arte","article_publisher":"https:\/\/www.facebook.com\/BordaArteOficial","article_modified_time":"2025-10-15T19:42:51+00:00","og_image":[{"width":1202,"height":1204,"url":"https:\/\/bordaarte.store\/wp-content\/uploads\/2025\/10\/Cover-Ghost-Cats.jpg","type":"image\/jpeg"}],"twitter_card":"summary_large_image","twitter_misc":{"Est. reading time":"1 minuto"},"schema":{"@context":"https:\/\/schema.org","@graph":[{"@type":"WebPage","@id":"https:\/\/bordaarte.store\/index.php\/product\/ghost-cats\/","url":"https:\/\/bordaarte.store\/index.php\/product\/ghost-cats\/","name":"Ghost Cats - Borda Arte","isPartOf":{"@id":"https:\/\/bordaarte.store\/#website"},"primaryImageOfPage":{"@id":"https:\/\/bordaarte.store\/index.php\/product\/ghost-cats\/#primaryimage"},"image":{"@id":"https:\/\/bordaarte.store\/index.php\/product\/ghost-cats\/#primaryimage"},"thumbnailUrl":"https:\/\/bordaarte.store\/wp-content\/uploads\/2025\/10\/Cover-Ghost-Cats.jpg","datePublished":"2025-10-15T19:42:35+00:00","dateModified":"2025-10-15T19:42:51+00:00","breadcrumb":{"@id":"https:\/\/bordaarte.store\/index.php\/product\/ghost-cats\/#breadcrumb"},"inLanguage":"es-PE","potentialAction":[{"@type":"ReadAction","target":["https:\/\/bordaarte.store\/index.php\/product\/ghost-cats\/"]}]},{"@type":"ImageObject","inLanguage":"es-PE","@id":"https:\/\/bordaarte.store\/index.php\/product\/ghost-cats\/#primaryimage","url":"https:\/\/bordaarte.store\/wp-content\/uploads\/2025\/10\/Cover-Ghost-Cats.jpg","contentUrl":"https:\/\/bordaarte.store\/wp-content\/uploads\/2025\/10\/Cover-Ghost-Cats.jpg","width":1202,"height":1204},{"@type":"BreadcrumbList","@id":"https:\/\/bordaarte.store\/index.php\/product\/ghost-cats\/#breadcrumb","itemListElement":[{"@type":"ListItem","position":1,"name":"Portada","item":"https:\/\/bordaarte.store\/"},{"@type":"ListItem","position":2,"name":"Shop","item":"https:\/\/bordaarte.store\/index.php\/shop\/"},{"@type":"ListItem","position":3,"name":"Ghost Cats"}]},{"@type":"WebSite","@id":"https:\/\/bordaarte.store\/#website","url":"https:\/\/bordaarte.store\/","name":"Borda Arte","description":"","publisher":{"@id":"https:\/\/bordaarte.store\/#organization"},"potentialAction":[{"@type":"SearchAction","target":{"@type":"EntryPoint","urlTemplate":"https:\/\/bordaarte.store\/?s={search_term_string}"},"query-input":{"@type":"PropertyValueSpecification","valueRequired":true,"valueName":"search_term_string"}}],"inLanguage":"es-PE"},{"@type":"Organization","@id":"https:\/\/bordaarte.store\/#organization","name":"Borda Arte","url":"https:\/\/bordaarte.store\/","logo":{"@type":"ImageObject","inLanguage":"es-PE","@id":"https:\/\/bordaarte.store\/#\/schema\/logo\/image\/","url":"https:\/\/bordaarte.store\/wp-content\/uploads\/2025\/10\/logo-borda-arte-store.png","contentUrl":"https:\/\/bordaarte.store\/wp-content\/uploads\/2025\/10\/logo-borda-arte-store.png","width":366,"height":346,"caption":"Borda Arte"},"image":{"@id":"https:\/\/bordaarte.store\/#\/schema\/logo\/image\/"},"sameAs":["https:\/\/www.facebook.com\/BordaArteOficial"]}]}},"_links":{"self":[{"href":"https:\/\/bordaarte.store\/index.php\/wp-json\/wp\/v2\/product\/1187","targetHints":{"allow":["GET"]}}],"collection":[{"href":"https:\/\/bordaarte.store\/index.php\/wp-json\/wp\/v2\/product"}],"about":[{"href":"https:\/\/bordaarte.store\/index.php\/wp-json\/wp\/v2\/types\/product"}],"replies":[{"embeddable":true,"href":"https:\/\/bordaarte.store\/index.php\/wp-json\/wp\/v2\/comments?post=1187"}],"wp:featuredmedia":[{"embeddable":true,"href":"https:\/\/bordaarte.store\/index.php\/wp-json\/wp\/v2\/media\/1189"}],"wp:attachment":[{"href":"https:\/\/bordaarte.store\/index.php\/wp-json\/wp\/v2\/media?parent=1187"}],"wp:term":[{"taxonomy":"product_brand","embeddable":true,"href":"https:\/\/bordaarte.store\/index.php\/wp-json\/wp\/v2\/product_brand?post=1187"},{"taxonomy":"product_cat","embeddable":true,"href":"https:\/\/bordaarte.store\/index.php\/wp-json\/wp\/v2\/product_cat?post=1187"},{"taxonomy":"product_tag","embeddable":true,"href":"https:\/\/bordaarte.store\/index.php\/wp-json\/wp\/v2\/product_tag?post=1187"}],"curies":[{"name":"wp","href":"https:\/\/api.w.org\/{rel}","templated":true}]}}