{"id":1212,"date":"2025-10-15T15:12:47","date_gmt":"2025-10-15T20:12:47","guid":{"rendered":"https:\/\/bordaarte.store\/?post_type=product&#038;p=1212"},"modified":"2025-10-15T15:13:07","modified_gmt":"2025-10-15T20:13:07","slug":"elf-boo","status":"publish","type":"product","link":"https:\/\/bordaarte.store\/index.php\/product\/elf-boo\/","title":{"rendered":"elf boo"},"content":{"rendered":"<p data-start=\"918\" data-end=\"1381\">El dise\u00f1o <strong data-start=\"928\" data-end=\"941\">\u00abElf Boo\u00bb<\/strong> combina la magia de los duendes con el encanto misterioso de Halloween.<br data-start=\"1013\" data-end=\"1016\" \/>Este adorable <strong data-start=\"1030\" data-end=\"1046\">elfo barbudo<\/strong> luce un <strong data-start=\"1055\" data-end=\"1090\">traje morado lleno de estrellas<\/strong> y un <strong data-start=\"1096\" data-end=\"1113\">gorro a juego<\/strong>, sosteniendo una <strong data-start=\"1131\" data-end=\"1150\">escoba de bruja<\/strong> mientras sobre su cabeza destaca la palabra <strong data-start=\"1195\" data-end=\"1204\">\u201cBOO\u201d<\/strong> en un brillante color naranja.<\/p>\n<p data-start=\"918\" data-end=\"1381\"><br data-start=\"1235\" data-end=\"1238\" \/>De ella cuelga una <strong data-start=\"1257\" data-end=\"1317\">tela de ara\u00f1a con una peque\u00f1a ara\u00f1a y una estrella negra<\/strong>, creando un equilibrio perfecto entre lo tierno y lo festivo.<\/p>\n<p data-start=\"1383\" data-end=\"1714\">Digitalizado cuidadosamente en <strong data-start=\"1414\" data-end=\"1424\">Wilcom<\/strong>, cada punto est\u00e1 optimizado para lograr un acabado limpio y con profundidad, ideal tanto para <strong data-start=\"1519\" data-end=\"1560\">m\u00e1quinas dom\u00e9sticas como industriales<\/strong>.<\/p>\n<p data-start=\"1383\" data-end=\"1714\"><br data-start=\"1561\" data-end=\"1564\" \/>Incluye los principales formatos , garantizando compatibilidad con la mayor\u00eda de m\u00e1quinas de bordado.<\/p>\n<p data-start=\"1716\" data-end=\"1893\">Perfecto para decorar <strong data-start=\"1738\" data-end=\"1805\">camisetas, mochilas, cojines o productos tem\u00e1ticos de Halloween<\/strong>, <strong data-start=\"1807\" data-end=\"1820\">\u00abElf Boo\u00bb<\/strong> aportar\u00e1 un toque m\u00e1gico y encantador a cualquier proyecto de bordado.<\/p>\n<p><b>Tama\u00f1os Disponibles:<\/b><\/p>\n<p><span style=\"font-weight: 400;\">(67.2 x 100.5 mm)<\/span><\/p>\n<p><b>Formatos Disponibles:<\/b><\/p>\n<p><span style=\"font-weight: 400;\">EMB,DST,PES,HUS,TAP,EXP,DSB,SEW<\/span><\/p>\n<p><b>Puntadas:<\/b><\/p>\n<p><span style=\"font-weight: 400;\">18.737<\/span><\/p>\n","protected":false},"excerpt":{"rendered":"<p>El dise\u00f1o <strong data-start=\"275\" data-end=\"288\">\u00abElf Boo\u00bb<\/strong> presenta a un simp\u00e1tico duende barbudo con un traje morado lleno de estrellas y un gorro m\u00e1gico. Sostiene una escoba de bruja mientras la palabra <strong data-start=\"435\" data-end=\"444\">\u201cBOO\u201d<\/strong> en color naranja flota sobre \u00e9l, acompa\u00f1ada de una tela de ara\u00f1a, una ara\u00f1a colgante y una estrella negra. Un bordado adorable, lleno de detalles y perfecto para Halloween.<\/p>\n","protected":false},"featured_media":1214,"comment_status":"closed","ping_status":"closed","template":"","meta":{"site-sidebar-layout":"default","site-content-layout":"","ast-site-content-layout":"default","site-content-style":"default","site-sidebar-style":"default","ast-global-header-display":"","ast-banner-title-visibility":"","ast-main-header-display":"","ast-hfb-above-header-display":"","ast-hfb-below-header-display":"","ast-hfb-mobile-header-display":"","site-post-title":"","ast-breadcrumbs-content":"","ast-featured-img":"","footer-sml-layout":"","theme-transparent-header-meta":"default","adv-header-id-meta":"","stick-header-meta":"","header-above-stick-meta":"","header-main-stick-meta":"","header-below-stick-meta":"","astra-migrate-meta-layouts":"set","ast-page-background-enabled":"default","ast-page-background-meta":{"desktop":{"background-color":"var(--ast-global-color-4)","background-image":"","background-repeat":"repeat","background-position":"center center","background-size":"auto","background-attachment":"scroll","background-type":"","background-media":"","overlay-type":"","overlay-color":"","overlay-opacity":"","overlay-gradient":""},"tablet":{"background-color":"","background-image":"","background-repeat":"repeat","background-position":"center center","background-size":"auto","background-attachment":"scroll","background-type":"","background-media":"","overlay-type":"","overlay-color":"","overlay-opacity":"","overlay-gradient":""},"mobile":{"background-color":"","background-image":"","background-repeat":"repeat","background-position":"center center","background-size":"auto","background-attachment":"scroll","background-type":"","background-media":"","overlay-type":"","overlay-color":"","overlay-opacity":"","overlay-gradient":""}},"ast-content-background-meta":{"desktop":{"background-color":"var(--ast-global-color-5)","background-image":"","background-repeat":"repeat","background-position":"center center","background-size":"auto","background-attachment":"scroll","background-type":"","background-media":"","overlay-type":"","overlay-color":"","overlay-opacity":"","overlay-gradient":""},"tablet":{"background-color":"var(--ast-global-color-5)","background-image":"","background-repeat":"repeat","background-position":"center center","background-size":"auto","background-attachment":"scroll","background-type":"","background-media":"","overlay-type":"","overlay-color":"","overlay-opacity":"","overlay-gradient":""},"mobile":{"background-color":"var(--ast-global-color-5)","background-image":"","background-repeat":"repeat","background-position":"center center","background-size":"auto","background-attachment":"scroll","background-type":"","background-media":"","overlay-type":"","overlay-color":"","overlay-opacity":"","overlay-gradient":""}}},"product_brand":[],"product_cat":[35],"product_tag":[],"class_list":{"0":"post-1212","1":"product","2":"type-product","3":"status-publish","4":"has-post-thumbnail","6":"product_cat-halloween","7":"desktop-align-left","8":"tablet-align-left","9":"mobile-align-left","11":"first","12":"instock","13":"sale","14":"downloadable","15":"virtual","16":"taxable","17":"purchasable","18":"product-type-simple"},"yoast_head":"<!-- This site is optimized with the Yoast SEO plugin v26.2 - https:\/\/yoast.com\/wordpress\/plugins\/seo\/ -->\n<title>elf boo - Borda Arte<\/title>\n<meta name=\"robots\" content=\"index, follow, max-snippet:-1, max-image-preview:large, max-video-preview:-1\" \/>\n<link rel=\"canonical\" href=\"https:\/\/bordaarte.store\/index.php\/product\/elf-boo\/\" \/>\n<meta property=\"og:locale\" content=\"es_ES\" \/>\n<meta property=\"og:type\" content=\"article\" \/>\n<meta property=\"og:title\" content=\"elf boo - Borda Arte\" \/>\n<meta property=\"og:description\" content=\"El dise\u00f1o \u00abElf Boo\u00bb presenta a un simp\u00e1tico duende barbudo con un traje morado lleno de estrellas y un gorro m\u00e1gico. Sostiene una escoba de bruja mientras la palabra \u201cBOO\u201d en color naranja flota sobre \u00e9l, acompa\u00f1ada de una tela de ara\u00f1a, una ara\u00f1a colgante y una estrella negra. Un bordado adorable, lleno de detalles y perfecto para Halloween.\" \/>\n<meta property=\"og:url\" content=\"https:\/\/bordaarte.store\/index.php\/product\/elf-boo\/\" \/>\n<meta property=\"og:site_name\" content=\"Borda Arte\" \/>\n<meta property=\"article:publisher\" content=\"https:\/\/www.facebook.com\/BordaArteOficial\" \/>\n<meta property=\"article:modified_time\" content=\"2025-10-15T20:13:07+00:00\" \/>\n<meta property=\"og:image\" content=\"https:\/\/bordaarte.store\/wp-content\/uploads\/2025\/10\/Cover-ghost-baby-2.jpg\" \/>\n\t<meta property=\"og:image:width\" content=\"1202\" \/>\n\t<meta property=\"og:image:height\" content=\"1204\" \/>\n\t<meta property=\"og:image:type\" content=\"image\/jpeg\" \/>\n<meta name=\"twitter:card\" content=\"summary_large_image\" \/>\n<meta name=\"twitter:label1\" content=\"Est. reading time\" \/>\n\t<meta name=\"twitter:data1\" content=\"1 minuto\" \/>\n<script type=\"application\/ld+json\" class=\"yoast-schema-graph\">{\"@context\":\"https:\/\/schema.org\",\"@graph\":[{\"@type\":\"WebPage\",\"@id\":\"https:\/\/bordaarte.store\/index.php\/product\/elf-boo\/\",\"url\":\"https:\/\/bordaarte.store\/index.php\/product\/elf-boo\/\",\"name\":\"elf boo - Borda Arte\",\"isPartOf\":{\"@id\":\"https:\/\/bordaarte.store\/#website\"},\"primaryImageOfPage\":{\"@id\":\"https:\/\/bordaarte.store\/index.php\/product\/elf-boo\/#primaryimage\"},\"image\":{\"@id\":\"https:\/\/bordaarte.store\/index.php\/product\/elf-boo\/#primaryimage\"},\"thumbnailUrl\":\"https:\/\/bordaarte.store\/wp-content\/uploads\/2025\/10\/Cover-ghost-baby-2.jpg\",\"datePublished\":\"2025-10-15T20:12:47+00:00\",\"dateModified\":\"2025-10-15T20:13:07+00:00\",\"breadcrumb\":{\"@id\":\"https:\/\/bordaarte.store\/index.php\/product\/elf-boo\/#breadcrumb\"},\"inLanguage\":\"es-PE\",\"potentialAction\":[{\"@type\":\"ReadAction\",\"target\":[\"https:\/\/bordaarte.store\/index.php\/product\/elf-boo\/\"]}]},{\"@type\":\"ImageObject\",\"inLanguage\":\"es-PE\",\"@id\":\"https:\/\/bordaarte.store\/index.php\/product\/elf-boo\/#primaryimage\",\"url\":\"https:\/\/bordaarte.store\/wp-content\/uploads\/2025\/10\/Cover-ghost-baby-2.jpg\",\"contentUrl\":\"https:\/\/bordaarte.store\/wp-content\/uploads\/2025\/10\/Cover-ghost-baby-2.jpg\",\"width\":1202,\"height\":1204},{\"@type\":\"BreadcrumbList\",\"@id\":\"https:\/\/bordaarte.store\/index.php\/product\/elf-boo\/#breadcrumb\",\"itemListElement\":[{\"@type\":\"ListItem\",\"position\":1,\"name\":\"Portada\",\"item\":\"https:\/\/bordaarte.store\/\"},{\"@type\":\"ListItem\",\"position\":2,\"name\":\"Shop\",\"item\":\"https:\/\/bordaarte.store\/index.php\/shop\/\"},{\"@type\":\"ListItem\",\"position\":3,\"name\":\"elf boo\"}]},{\"@type\":\"WebSite\",\"@id\":\"https:\/\/bordaarte.store\/#website\",\"url\":\"https:\/\/bordaarte.store\/\",\"name\":\"Borda Arte\",\"description\":\"\",\"publisher\":{\"@id\":\"https:\/\/bordaarte.store\/#organization\"},\"potentialAction\":[{\"@type\":\"SearchAction\",\"target\":{\"@type\":\"EntryPoint\",\"urlTemplate\":\"https:\/\/bordaarte.store\/?s={search_term_string}\"},\"query-input\":{\"@type\":\"PropertyValueSpecification\",\"valueRequired\":true,\"valueName\":\"search_term_string\"}}],\"inLanguage\":\"es-PE\"},{\"@type\":\"Organization\",\"@id\":\"https:\/\/bordaarte.store\/#organization\",\"name\":\"Borda Arte\",\"url\":\"https:\/\/bordaarte.store\/\",\"logo\":{\"@type\":\"ImageObject\",\"inLanguage\":\"es-PE\",\"@id\":\"https:\/\/bordaarte.store\/#\/schema\/logo\/image\/\",\"url\":\"https:\/\/bordaarte.store\/wp-content\/uploads\/2025\/10\/logo-borda-arte-store.png\",\"contentUrl\":\"https:\/\/bordaarte.store\/wp-content\/uploads\/2025\/10\/logo-borda-arte-store.png\",\"width\":366,\"height\":346,\"caption\":\"Borda Arte\"},\"image\":{\"@id\":\"https:\/\/bordaarte.store\/#\/schema\/logo\/image\/\"},\"sameAs\":[\"https:\/\/www.facebook.com\/BordaArteOficial\"]}]}<\/script>\n<!-- \/ Yoast SEO plugin. -->","yoast_head_json":{"title":"elf boo - Borda Arte","robots":{"index":"index","follow":"follow","max-snippet":"max-snippet:-1","max-image-preview":"max-image-preview:large","max-video-preview":"max-video-preview:-1"},"canonical":"https:\/\/bordaarte.store\/index.php\/product\/elf-boo\/","og_locale":"es_ES","og_type":"article","og_title":"elf boo - Borda Arte","og_description":"El dise\u00f1o \u00abElf Boo\u00bb presenta a un simp\u00e1tico duende barbudo con un traje morado lleno de estrellas y un gorro m\u00e1gico. Sostiene una escoba de bruja mientras la palabra \u201cBOO\u201d en color naranja flota sobre \u00e9l, acompa\u00f1ada de una tela de ara\u00f1a, una ara\u00f1a colgante y una estrella negra. Un bordado adorable, lleno de detalles y perfecto para Halloween.","og_url":"https:\/\/bordaarte.store\/index.php\/product\/elf-boo\/","og_site_name":"Borda Arte","article_publisher":"https:\/\/www.facebook.com\/BordaArteOficial","article_modified_time":"2025-10-15T20:13:07+00:00","og_image":[{"width":1202,"height":1204,"url":"https:\/\/bordaarte.store\/wp-content\/uploads\/2025\/10\/Cover-ghost-baby-2.jpg","type":"image\/jpeg"}],"twitter_card":"summary_large_image","twitter_misc":{"Est. reading time":"1 minuto"},"schema":{"@context":"https:\/\/schema.org","@graph":[{"@type":"WebPage","@id":"https:\/\/bordaarte.store\/index.php\/product\/elf-boo\/","url":"https:\/\/bordaarte.store\/index.php\/product\/elf-boo\/","name":"elf boo - Borda Arte","isPartOf":{"@id":"https:\/\/bordaarte.store\/#website"},"primaryImageOfPage":{"@id":"https:\/\/bordaarte.store\/index.php\/product\/elf-boo\/#primaryimage"},"image":{"@id":"https:\/\/bordaarte.store\/index.php\/product\/elf-boo\/#primaryimage"},"thumbnailUrl":"https:\/\/bordaarte.store\/wp-content\/uploads\/2025\/10\/Cover-ghost-baby-2.jpg","datePublished":"2025-10-15T20:12:47+00:00","dateModified":"2025-10-15T20:13:07+00:00","breadcrumb":{"@id":"https:\/\/bordaarte.store\/index.php\/product\/elf-boo\/#breadcrumb"},"inLanguage":"es-PE","potentialAction":[{"@type":"ReadAction","target":["https:\/\/bordaarte.store\/index.php\/product\/elf-boo\/"]}]},{"@type":"ImageObject","inLanguage":"es-PE","@id":"https:\/\/bordaarte.store\/index.php\/product\/elf-boo\/#primaryimage","url":"https:\/\/bordaarte.store\/wp-content\/uploads\/2025\/10\/Cover-ghost-baby-2.jpg","contentUrl":"https:\/\/bordaarte.store\/wp-content\/uploads\/2025\/10\/Cover-ghost-baby-2.jpg","width":1202,"height":1204},{"@type":"BreadcrumbList","@id":"https:\/\/bordaarte.store\/index.php\/product\/elf-boo\/#breadcrumb","itemListElement":[{"@type":"ListItem","position":1,"name":"Portada","item":"https:\/\/bordaarte.store\/"},{"@type":"ListItem","position":2,"name":"Shop","item":"https:\/\/bordaarte.store\/index.php\/shop\/"},{"@type":"ListItem","position":3,"name":"elf boo"}]},{"@type":"WebSite","@id":"https:\/\/bordaarte.store\/#website","url":"https:\/\/bordaarte.store\/","name":"Borda Arte","description":"","publisher":{"@id":"https:\/\/bordaarte.store\/#organization"},"potentialAction":[{"@type":"SearchAction","target":{"@type":"EntryPoint","urlTemplate":"https:\/\/bordaarte.store\/?s={search_term_string}"},"query-input":{"@type":"PropertyValueSpecification","valueRequired":true,"valueName":"search_term_string"}}],"inLanguage":"es-PE"},{"@type":"Organization","@id":"https:\/\/bordaarte.store\/#organization","name":"Borda Arte","url":"https:\/\/bordaarte.store\/","logo":{"@type":"ImageObject","inLanguage":"es-PE","@id":"https:\/\/bordaarte.store\/#\/schema\/logo\/image\/","url":"https:\/\/bordaarte.store\/wp-content\/uploads\/2025\/10\/logo-borda-arte-store.png","contentUrl":"https:\/\/bordaarte.store\/wp-content\/uploads\/2025\/10\/logo-borda-arte-store.png","width":366,"height":346,"caption":"Borda Arte"},"image":{"@id":"https:\/\/bordaarte.store\/#\/schema\/logo\/image\/"},"sameAs":["https:\/\/www.facebook.com\/BordaArteOficial"]}]}},"_links":{"self":[{"href":"https:\/\/bordaarte.store\/index.php\/wp-json\/wp\/v2\/product\/1212","targetHints":{"allow":["GET"]}}],"collection":[{"href":"https:\/\/bordaarte.store\/index.php\/wp-json\/wp\/v2\/product"}],"about":[{"href":"https:\/\/bordaarte.store\/index.php\/wp-json\/wp\/v2\/types\/product"}],"replies":[{"embeddable":true,"href":"https:\/\/bordaarte.store\/index.php\/wp-json\/wp\/v2\/comments?post=1212"}],"wp:featuredmedia":[{"embeddable":true,"href":"https:\/\/bordaarte.store\/index.php\/wp-json\/wp\/v2\/media\/1214"}],"wp:attachment":[{"href":"https:\/\/bordaarte.store\/index.php\/wp-json\/wp\/v2\/media?parent=1212"}],"wp:term":[{"taxonomy":"product_brand","embeddable":true,"href":"https:\/\/bordaarte.store\/index.php\/wp-json\/wp\/v2\/product_brand?post=1212"},{"taxonomy":"product_cat","embeddable":true,"href":"https:\/\/bordaarte.store\/index.php\/wp-json\/wp\/v2\/product_cat?post=1212"},{"taxonomy":"product_tag","embeddable":true,"href":"https:\/\/bordaarte.store\/index.php\/wp-json\/wp\/v2\/product_tag?post=1212"}],"curies":[{"name":"wp","href":"https:\/\/api.w.org\/{rel}","templated":true}]}}