{"id":1267,"date":"2025-10-15T17:50:27","date_gmt":"2025-10-15T22:50:27","guid":{"rendered":"https:\/\/bordaarte.store\/?post_type=product&#038;p=1267"},"modified":"2025-10-15T17:50:27","modified_gmt":"2025-10-15T22:50:27","slug":"pack-de-12-disenos-de-halloween","status":"publish","type":"product","link":"https:\/\/bordaarte.store\/index.php\/product\/pack-de-12-disenos-de-halloween\/","title":{"rendered":"Pack de 12 Dise\u00f1os de Halloween"},"content":{"rendered":"<p data-start=\"1153\" data-end=\"1503\"><img fetchpriority=\"high\" decoding=\"async\" class=\"aligncenter wp-image-1271 size-large\" src=\"https:\/\/bordaarte.store\/wp-content\/uploads\/2025\/10\/Pack-description-1024x576.jpg\" alt=\"\" width=\"1024\" height=\"576\" srcset=\"https:\/\/bordaarte.store\/wp-content\/uploads\/2025\/10\/Pack-description-1024x576.jpg 1024w, https:\/\/bordaarte.store\/wp-content\/uploads\/2025\/10\/Pack-description-300x169.jpg 300w, https:\/\/bordaarte.store\/wp-content\/uploads\/2025\/10\/Pack-description-768x432.jpg 768w, https:\/\/bordaarte.store\/wp-content\/uploads\/2025\/10\/Pack-description-600x337.jpg 600w, https:\/\/bordaarte.store\/wp-content\/uploads\/2025\/10\/Pack-description.jpg 1366w\" sizes=\"(max-width: 1024px) 100vw, 1024px\" \/><\/p>\n<p data-start=\"1153\" data-end=\"1503\">\n<p data-start=\"1153\" data-end=\"1503\">El <strong data-start=\"1156\" data-end=\"1206\">Pack Halloween \u2013 Pack de 12 Dise\u00f1os de Halloween<\/strong>\u00a0re\u00fane toda la magia, ternura y diversi\u00f3n de la temporada m\u00e1s esperada del a\u00f1o.<br data-start=\"1285\" data-end=\"1288\" \/>Cada dise\u00f1o fue cuidadosamente creado y optimizado en <strong data-start=\"1342\" data-end=\"1352\">Wilcom<\/strong>, con puntadas limpias, efectos de relleno y detalles que garantizan un resultado profesional en cualquier m\u00e1quina de bordado dom\u00e9stica o industrial.<\/p>\n<p data-start=\"1505\" data-end=\"1548\">\ud83e\uddd9\u200d\u2640\ufe0f <strong data-start=\"1511\" data-end=\"1546\">Incluye los siguientes dise\u00f1os:<\/strong><\/p>\n<ul data-start=\"1549\" data-end=\"1738\">\n<li data-start=\"1549\" data-end=\"1565\">\n<p data-start=\"1551\" data-end=\"1565\">Witch Goblin<\/p>\n<\/li>\n<li data-start=\"1566\" data-end=\"1586\">\n<p data-start=\"1568\" data-end=\"1586\">Rabbit Halloween<\/p>\n<\/li>\n<li data-start=\"1587\" data-end=\"1605\">\n<p data-start=\"1589\" data-end=\"1605\">Logo Halloween<\/p>\n<\/li>\n<li data-start=\"1606\" data-end=\"1622\">\n<p data-start=\"1608\" data-end=\"1622\">Little Witch<\/p>\n<\/li>\n<li data-start=\"1623\" data-end=\"1635\">\n<p data-start=\"1625\" data-end=\"1635\">GhostCat<\/p>\n<\/li>\n<li data-start=\"1636\" data-end=\"1653\">\n<p data-start=\"1638\" data-end=\"1653\">Ghost Glasses<\/p>\n<\/li>\n<li data-start=\"1654\" data-end=\"1667\">\n<p data-start=\"1656\" data-end=\"1667\">Ghost Dog<\/p>\n<\/li>\n<li data-start=\"1668\" data-end=\"1682\">\n<p data-start=\"1670\" data-end=\"1682\">Ghost Cats<\/p>\n<\/li>\n<li data-start=\"1683\" data-end=\"1697\">\n<p data-start=\"1685\" data-end=\"1697\">Ghost Baby<\/p>\n<\/li>\n<li data-start=\"1698\" data-end=\"1712\">\n<p data-start=\"1700\" data-end=\"1712\">Gata Witch<\/p>\n<\/li>\n<li data-start=\"1713\" data-end=\"1726\">\n<p data-start=\"1715\" data-end=\"1726\">Fantasmin<\/p>\n<\/li>\n<li data-start=\"1727\" data-end=\"1738\">\n<p data-start=\"1729\" data-end=\"1738\">Elf Boo<\/p>\n<\/li>\n<\/ul>\n<p data-start=\"1740\" data-end=\"1906\">\ud83c\udfa8 Cada uno presenta combinaciones de colores vibrantes, detalles m\u00e1gicos y trazos definidos que hacen de este pack una <strong data-start=\"1860\" data-end=\"1903\">colecci\u00f3n \u00fanica y completa de Halloween<\/strong>.<\/p>\n<p data-start=\"1908\" data-end=\"1933\">\ud83e\udea1 <strong data-start=\"1911\" data-end=\"1931\">Caracter\u00edsticas:<\/strong><\/p>\n<ul data-start=\"1934\" data-end=\"2257\">\n<li data-start=\"1934\" data-end=\"1976\">\n<p data-start=\"1936\" data-end=\"1976\">Archivos digitales listos para bordar.<\/p>\n<\/li>\n<li data-start=\"1977\" data-end=\"2060\">\n<p data-start=\"1979\" data-end=\"2060\">Incluye todos los formatos principales (<span style=\"font-weight: 400;\">EMB,DST,PES,HUS,TAP,EXP,DSB,SEW<\/span><strong data-start=\"2019\" data-end=\"2057\">, etc.<\/strong>)<\/p>\n<\/li>\n<li data-start=\"2061\" data-end=\"2113\">\n<p data-start=\"2063\" data-end=\"2113\">Dise\u00f1os de alta calidad, probados y optimizados.<\/p>\n<\/li>\n<li data-start=\"2114\" data-end=\"2168\">\n<p data-start=\"2116\" data-end=\"2168\">Compatibles con la mayor\u00eda de m\u00e1quinas de bordado.<\/p>\n<\/li>\n<li data-start=\"2169\" data-end=\"2257\">\n<p data-start=\"2171\" data-end=\"2257\">Uso ideal para camisetas, cojines, bolsas, gorras, toallas o decoraciones tem\u00e1ticas.<\/p>\n<\/li>\n<\/ul>\n<p data-start=\"2259\" data-end=\"2390\">\ud83c\udf81 <strong data-start=\"2262\" data-end=\"2282\">Oferta especial:<\/strong><br data-start=\"2282\" data-end=\"2285\" \/>Ll\u00e9vate los <strong data-start=\"2297\" data-end=\"2331\">12 dise\u00f1os por un precio \u00fanico<\/strong>, ahorrando m\u00e1s del 50% frente a comprarlos por separado.<\/p>\n<p data-start=\"2259\" data-end=\"2390\"><img decoding=\"async\" class=\"aligncenter wp-image-1254 size-full\" src=\"https:\/\/bordaarte.store\/wp-content\/uploads\/2025\/10\/happy-halloween-banner-pack-bordaarte.png\" alt=\"\" width=\"1024\" height=\"549\" srcset=\"https:\/\/bordaarte.store\/wp-content\/uploads\/2025\/10\/happy-halloween-banner-pack-bordaarte.png 1024w, https:\/\/bordaarte.store\/wp-content\/uploads\/2025\/10\/happy-halloween-banner-pack-bordaarte-300x161.png 300w, https:\/\/bordaarte.store\/wp-content\/uploads\/2025\/10\/happy-halloween-banner-pack-bordaarte-768x412.png 768w, https:\/\/bordaarte.store\/wp-content\/uploads\/2025\/10\/happy-halloween-banner-pack-bordaarte-600x322.png 600w\" sizes=\"(max-width: 1024px) 100vw, 1024px\" \/><\/p>\n<p data-start=\"2259\" data-end=\"2390\">\n<p data-start=\"2392\" data-end=\"2548\">\ud83d\udd78\ufe0f <strong data-start=\"2396\" data-end=\"2443\">Un pack encantador, divertido y profesional<\/strong>, perfecto para quienes aman el bordado creativo y desean destacar esta temporada con estilo y calidad.<\/p>\n","protected":false},"excerpt":{"rendered":"<p>Celebra Halloween con este <strong data-start=\"436\" data-end=\"487\">exclusivo Pack de 12 Dise\u00f1os de Halloween Bordado Digital<\/strong>, creados con <strong data-start=\"501\" data-end=\"511\">Wilcom<\/strong> y compatibles con todas las m\u00e1quinas de bordar.<br data-start=\"559\" data-end=\"562\" \/>Incluye adorables fantasmas, brujitas, gatos m\u00e1gicos, duendes y m\u00e1s \u2014 cada uno con detalles \u00fanicos, rellenos especiales y acabados profesionales.<br data-start=\"707\" data-end=\"710\" \/>Perfecto para proyectos personales, venta de productos o decoraci\u00f3n tem\u00e1tica.<br data-start=\"787\" data-end=\"790\" \/>\ud83d\udcbe Incluye todos los formatos:<strong> EMB,DST,PES,HUS,TAP,EXP,DSB,SEW.<\/strong><\/p>\n","protected":false},"featured_media":1269,"comment_status":"closed","ping_status":"closed","template":"","meta":{"site-sidebar-layout":"default","site-content-layout":"","ast-site-content-layout":"default","site-content-style":"default","site-sidebar-style":"default","ast-global-header-display":"","ast-banner-title-visibility":"","ast-main-header-display":"","ast-hfb-above-header-display":"","ast-hfb-below-header-display":"","ast-hfb-mobile-header-display":"","site-post-title":"","ast-breadcrumbs-content":"","ast-featured-img":"","footer-sml-layout":"","theme-transparent-header-meta":"default","adv-header-id-meta":"","stick-header-meta":"","header-above-stick-meta":"","header-main-stick-meta":"","header-below-stick-meta":"","astra-migrate-meta-layouts":"set","ast-page-background-enabled":"default","ast-page-background-meta":{"desktop":{"background-color":"var(--ast-global-color-4)","background-image":"","background-repeat":"repeat","background-position":"center center","background-size":"auto","background-attachment":"scroll","background-type":"","background-media":"","overlay-type":"","overlay-color":"","overlay-opacity":"","overlay-gradient":""},"tablet":{"background-color":"","background-image":"","background-repeat":"repeat","background-position":"center center","background-size":"auto","background-attachment":"scroll","background-type":"","background-media":"","overlay-type":"","overlay-color":"","overlay-opacity":"","overlay-gradient":""},"mobile":{"background-color":"","background-image":"","background-repeat":"repeat","background-position":"center center","background-size":"auto","background-attachment":"scroll","background-type":"","background-media":"","overlay-type":"","overlay-color":"","overlay-opacity":"","overlay-gradient":""}},"ast-content-background-meta":{"desktop":{"background-color":"var(--ast-global-color-5)","background-image":"","background-repeat":"repeat","background-position":"center center","background-size":"auto","background-attachment":"scroll","background-type":"","background-media":"","overlay-type":"","overlay-color":"","overlay-opacity":"","overlay-gradient":""},"tablet":{"background-color":"var(--ast-global-color-5)","background-image":"","background-repeat":"repeat","background-position":"center center","background-size":"auto","background-attachment":"scroll","background-type":"","background-media":"","overlay-type":"","overlay-color":"","overlay-opacity":"","overlay-gradient":""},"mobile":{"background-color":"var(--ast-global-color-5)","background-image":"","background-repeat":"repeat","background-position":"center center","background-size":"auto","background-attachment":"scroll","background-type":"","background-media":"","overlay-type":"","overlay-color":"","overlay-opacity":"","overlay-gradient":""}}},"product_brand":[],"product_cat":[35],"product_tag":[],"class_list":{"0":"post-1267","1":"product","2":"type-product","3":"status-publish","4":"has-post-thumbnail","6":"product_cat-halloween","7":"desktop-align-left","8":"tablet-align-left","9":"mobile-align-left","11":"first","12":"instock","13":"sale","14":"downloadable","15":"virtual","16":"taxable","17":"purchasable","18":"product-type-simple"},"yoast_head":"<!-- This site is optimized with the Yoast SEO plugin v26.2 - https:\/\/yoast.com\/wordpress\/plugins\/seo\/ -->\n<title>Pack de 12 Dise\u00f1os de Halloween - Borda Arte<\/title>\n<meta name=\"robots\" content=\"index, follow, max-snippet:-1, max-image-preview:large, max-video-preview:-1\" \/>\n<link rel=\"canonical\" href=\"https:\/\/bordaarte.store\/index.php\/product\/pack-de-12-disenos-de-halloween\/\" \/>\n<meta property=\"og:locale\" content=\"es_ES\" \/>\n<meta property=\"og:type\" content=\"article\" \/>\n<meta property=\"og:title\" content=\"Pack de 12 Dise\u00f1os de Halloween - Borda Arte\" \/>\n<meta property=\"og:description\" content=\"Celebra Halloween con este exclusivo Pack de 12 Dise\u00f1os de Halloween Bordado Digital, creados con Wilcom y compatibles con todas las m\u00e1quinas de bordar.Incluye adorables fantasmas, brujitas, gatos m\u00e1gicos, duendes y m\u00e1s \u2014 cada uno con detalles \u00fanicos, rellenos especiales y acabados profesionales.Perfecto para proyectos personales, venta de productos o decoraci\u00f3n tem\u00e1tica.\ud83d\udcbe Incluye todos los formatos: EMB,DST,PES,HUS,TAP,EXP,DSB,SEW.\" \/>\n<meta property=\"og:url\" content=\"https:\/\/bordaarte.store\/index.php\/product\/pack-de-12-disenos-de-halloween\/\" \/>\n<meta property=\"og:site_name\" content=\"Borda Arte\" \/>\n<meta property=\"article:publisher\" content=\"https:\/\/www.facebook.com\/BordaArteOficial\" \/>\n<meta property=\"og:image\" content=\"https:\/\/bordaarte.store\/wp-content\/uploads\/2025\/10\/cover-pack-12-disenos-halloween.jpg\" \/>\n\t<meta property=\"og:image:width\" content=\"1202\" \/>\n\t<meta property=\"og:image:height\" content=\"1204\" \/>\n\t<meta property=\"og:image:type\" content=\"image\/jpeg\" \/>\n<meta name=\"twitter:card\" content=\"summary_large_image\" \/>\n<meta name=\"twitter:label1\" content=\"Est. reading time\" \/>\n\t<meta name=\"twitter:data1\" content=\"2 minutos\" \/>\n<script type=\"application\/ld+json\" class=\"yoast-schema-graph\">{\"@context\":\"https:\/\/schema.org\",\"@graph\":[{\"@type\":\"WebPage\",\"@id\":\"https:\/\/bordaarte.store\/index.php\/product\/pack-de-12-disenos-de-halloween\/\",\"url\":\"https:\/\/bordaarte.store\/index.php\/product\/pack-de-12-disenos-de-halloween\/\",\"name\":\"Pack de 12 Dise\u00f1os de Halloween - Borda Arte\",\"isPartOf\":{\"@id\":\"https:\/\/bordaarte.store\/#website\"},\"primaryImageOfPage\":{\"@id\":\"https:\/\/bordaarte.store\/index.php\/product\/pack-de-12-disenos-de-halloween\/#primaryimage\"},\"image\":{\"@id\":\"https:\/\/bordaarte.store\/index.php\/product\/pack-de-12-disenos-de-halloween\/#primaryimage\"},\"thumbnailUrl\":\"https:\/\/bordaarte.store\/wp-content\/uploads\/2025\/10\/cover-pack-12-disenos-halloween.jpg\",\"datePublished\":\"2025-10-15T22:50:27+00:00\",\"breadcrumb\":{\"@id\":\"https:\/\/bordaarte.store\/index.php\/product\/pack-de-12-disenos-de-halloween\/#breadcrumb\"},\"inLanguage\":\"es-PE\",\"potentialAction\":[{\"@type\":\"ReadAction\",\"target\":[\"https:\/\/bordaarte.store\/index.php\/product\/pack-de-12-disenos-de-halloween\/\"]}]},{\"@type\":\"ImageObject\",\"inLanguage\":\"es-PE\",\"@id\":\"https:\/\/bordaarte.store\/index.php\/product\/pack-de-12-disenos-de-halloween\/#primaryimage\",\"url\":\"https:\/\/bordaarte.store\/wp-content\/uploads\/2025\/10\/cover-pack-12-disenos-halloween.jpg\",\"contentUrl\":\"https:\/\/bordaarte.store\/wp-content\/uploads\/2025\/10\/cover-pack-12-disenos-halloween.jpg\",\"width\":1202,\"height\":1204},{\"@type\":\"BreadcrumbList\",\"@id\":\"https:\/\/bordaarte.store\/index.php\/product\/pack-de-12-disenos-de-halloween\/#breadcrumb\",\"itemListElement\":[{\"@type\":\"ListItem\",\"position\":1,\"name\":\"Portada\",\"item\":\"https:\/\/bordaarte.store\/\"},{\"@type\":\"ListItem\",\"position\":2,\"name\":\"Shop\",\"item\":\"https:\/\/bordaarte.store\/index.php\/shop\/\"},{\"@type\":\"ListItem\",\"position\":3,\"name\":\"Pack de 12 Dise\u00f1os de Halloween\"}]},{\"@type\":\"WebSite\",\"@id\":\"https:\/\/bordaarte.store\/#website\",\"url\":\"https:\/\/bordaarte.store\/\",\"name\":\"Borda Arte\",\"description\":\"\",\"publisher\":{\"@id\":\"https:\/\/bordaarte.store\/#organization\"},\"potentialAction\":[{\"@type\":\"SearchAction\",\"target\":{\"@type\":\"EntryPoint\",\"urlTemplate\":\"https:\/\/bordaarte.store\/?s={search_term_string}\"},\"query-input\":{\"@type\":\"PropertyValueSpecification\",\"valueRequired\":true,\"valueName\":\"search_term_string\"}}],\"inLanguage\":\"es-PE\"},{\"@type\":\"Organization\",\"@id\":\"https:\/\/bordaarte.store\/#organization\",\"name\":\"Borda Arte\",\"url\":\"https:\/\/bordaarte.store\/\",\"logo\":{\"@type\":\"ImageObject\",\"inLanguage\":\"es-PE\",\"@id\":\"https:\/\/bordaarte.store\/#\/schema\/logo\/image\/\",\"url\":\"https:\/\/bordaarte.store\/wp-content\/uploads\/2025\/10\/logo-borda-arte-store.png\",\"contentUrl\":\"https:\/\/bordaarte.store\/wp-content\/uploads\/2025\/10\/logo-borda-arte-store.png\",\"width\":366,\"height\":346,\"caption\":\"Borda Arte\"},\"image\":{\"@id\":\"https:\/\/bordaarte.store\/#\/schema\/logo\/image\/\"},\"sameAs\":[\"https:\/\/www.facebook.com\/BordaArteOficial\"]}]}<\/script>\n<!-- \/ Yoast SEO plugin. -->","yoast_head_json":{"title":"Pack de 12 Dise\u00f1os de Halloween - Borda Arte","robots":{"index":"index","follow":"follow","max-snippet":"max-snippet:-1","max-image-preview":"max-image-preview:large","max-video-preview":"max-video-preview:-1"},"canonical":"https:\/\/bordaarte.store\/index.php\/product\/pack-de-12-disenos-de-halloween\/","og_locale":"es_ES","og_type":"article","og_title":"Pack de 12 Dise\u00f1os de Halloween - Borda Arte","og_description":"Celebra Halloween con este exclusivo Pack de 12 Dise\u00f1os de Halloween Bordado Digital, creados con Wilcom y compatibles con todas las m\u00e1quinas de bordar.Incluye adorables fantasmas, brujitas, gatos m\u00e1gicos, duendes y m\u00e1s \u2014 cada uno con detalles \u00fanicos, rellenos especiales y acabados profesionales.Perfecto para proyectos personales, venta de productos o decoraci\u00f3n tem\u00e1tica.\ud83d\udcbe Incluye todos los formatos: EMB,DST,PES,HUS,TAP,EXP,DSB,SEW.","og_url":"https:\/\/bordaarte.store\/index.php\/product\/pack-de-12-disenos-de-halloween\/","og_site_name":"Borda Arte","article_publisher":"https:\/\/www.facebook.com\/BordaArteOficial","og_image":[{"width":1202,"height":1204,"url":"https:\/\/bordaarte.store\/wp-content\/uploads\/2025\/10\/cover-pack-12-disenos-halloween.jpg","type":"image\/jpeg"}],"twitter_card":"summary_large_image","twitter_misc":{"Est. reading time":"2 minutos"},"schema":{"@context":"https:\/\/schema.org","@graph":[{"@type":"WebPage","@id":"https:\/\/bordaarte.store\/index.php\/product\/pack-de-12-disenos-de-halloween\/","url":"https:\/\/bordaarte.store\/index.php\/product\/pack-de-12-disenos-de-halloween\/","name":"Pack de 12 Dise\u00f1os de Halloween - Borda Arte","isPartOf":{"@id":"https:\/\/bordaarte.store\/#website"},"primaryImageOfPage":{"@id":"https:\/\/bordaarte.store\/index.php\/product\/pack-de-12-disenos-de-halloween\/#primaryimage"},"image":{"@id":"https:\/\/bordaarte.store\/index.php\/product\/pack-de-12-disenos-de-halloween\/#primaryimage"},"thumbnailUrl":"https:\/\/bordaarte.store\/wp-content\/uploads\/2025\/10\/cover-pack-12-disenos-halloween.jpg","datePublished":"2025-10-15T22:50:27+00:00","breadcrumb":{"@id":"https:\/\/bordaarte.store\/index.php\/product\/pack-de-12-disenos-de-halloween\/#breadcrumb"},"inLanguage":"es-PE","potentialAction":[{"@type":"ReadAction","target":["https:\/\/bordaarte.store\/index.php\/product\/pack-de-12-disenos-de-halloween\/"]}]},{"@type":"ImageObject","inLanguage":"es-PE","@id":"https:\/\/bordaarte.store\/index.php\/product\/pack-de-12-disenos-de-halloween\/#primaryimage","url":"https:\/\/bordaarte.store\/wp-content\/uploads\/2025\/10\/cover-pack-12-disenos-halloween.jpg","contentUrl":"https:\/\/bordaarte.store\/wp-content\/uploads\/2025\/10\/cover-pack-12-disenos-halloween.jpg","width":1202,"height":1204},{"@type":"BreadcrumbList","@id":"https:\/\/bordaarte.store\/index.php\/product\/pack-de-12-disenos-de-halloween\/#breadcrumb","itemListElement":[{"@type":"ListItem","position":1,"name":"Portada","item":"https:\/\/bordaarte.store\/"},{"@type":"ListItem","position":2,"name":"Shop","item":"https:\/\/bordaarte.store\/index.php\/shop\/"},{"@type":"ListItem","position":3,"name":"Pack de 12 Dise\u00f1os de Halloween"}]},{"@type":"WebSite","@id":"https:\/\/bordaarte.store\/#website","url":"https:\/\/bordaarte.store\/","name":"Borda Arte","description":"","publisher":{"@id":"https:\/\/bordaarte.store\/#organization"},"potentialAction":[{"@type":"SearchAction","target":{"@type":"EntryPoint","urlTemplate":"https:\/\/bordaarte.store\/?s={search_term_string}"},"query-input":{"@type":"PropertyValueSpecification","valueRequired":true,"valueName":"search_term_string"}}],"inLanguage":"es-PE"},{"@type":"Organization","@id":"https:\/\/bordaarte.store\/#organization","name":"Borda Arte","url":"https:\/\/bordaarte.store\/","logo":{"@type":"ImageObject","inLanguage":"es-PE","@id":"https:\/\/bordaarte.store\/#\/schema\/logo\/image\/","url":"https:\/\/bordaarte.store\/wp-content\/uploads\/2025\/10\/logo-borda-arte-store.png","contentUrl":"https:\/\/bordaarte.store\/wp-content\/uploads\/2025\/10\/logo-borda-arte-store.png","width":366,"height":346,"caption":"Borda Arte"},"image":{"@id":"https:\/\/bordaarte.store\/#\/schema\/logo\/image\/"},"sameAs":["https:\/\/www.facebook.com\/BordaArteOficial"]}]}},"_links":{"self":[{"href":"https:\/\/bordaarte.store\/index.php\/wp-json\/wp\/v2\/product\/1267","targetHints":{"allow":["GET"]}}],"collection":[{"href":"https:\/\/bordaarte.store\/index.php\/wp-json\/wp\/v2\/product"}],"about":[{"href":"https:\/\/bordaarte.store\/index.php\/wp-json\/wp\/v2\/types\/product"}],"replies":[{"embeddable":true,"href":"https:\/\/bordaarte.store\/index.php\/wp-json\/wp\/v2\/comments?post=1267"}],"wp:featuredmedia":[{"embeddable":true,"href":"https:\/\/bordaarte.store\/index.php\/wp-json\/wp\/v2\/media\/1269"}],"wp:attachment":[{"href":"https:\/\/bordaarte.store\/index.php\/wp-json\/wp\/v2\/media?parent=1267"}],"wp:term":[{"taxonomy":"product_brand","embeddable":true,"href":"https:\/\/bordaarte.store\/index.php\/wp-json\/wp\/v2\/product_brand?post=1267"},{"taxonomy":"product_cat","embeddable":true,"href":"https:\/\/bordaarte.store\/index.php\/wp-json\/wp\/v2\/product_cat?post=1267"},{"taxonomy":"product_tag","embeddable":true,"href":"https:\/\/bordaarte.store\/index.php\/wp-json\/wp\/v2\/product_tag?post=1267"}],"curies":[{"name":"wp","href":"https:\/\/api.w.org\/{rel}","templated":true}]}}