{"id":258,"date":"2024-09-11T02:24:18","date_gmt":"2024-09-11T07:24:18","guid":{"rendered":"https:\/\/bordaarte.store\/?post_type=product&#038;p=258"},"modified":"2025-10-15T12:09:11","modified_gmt":"2025-10-15T17:09:11","slug":"caballito-de-juguete","status":"publish","type":"product","link":"https:\/\/bordaarte.store\/index.php\/product\/caballito-de-juguete\/","title":{"rendered":"Caballito de juguete"},"content":{"rendered":"<p>Ideal para quienes buscan un toque de dulzura en sus creaciones, este dise\u00f1o est\u00e1 optimizado para su uso en m\u00faltiples m\u00e1quinas de bordado, asegurando resultados consistentes y de alta calidad.<\/p>\n<div><strong>Tama\u00f1os Disponibles:<\/strong><br \/>\n(42 x 45 mm)<\/div>\n<div><strong>Formatos Disponibles:<\/strong><br \/>\nEMB,DST,PES,HUS,TAP,EXP,DSB,SEW<\/div>\n<div><\/div>\n<div><strong>Puntadas:<\/strong><br \/>\n2.011<\/div>\n<div><\/div>\n","protected":false},"excerpt":{"rendered":"<p>El dise\u00f1o de bordado \u00abCaballito de Juguete\u00bb captura la esencia de los juguetes cl\u00e1sicos que evocan nostalgia y alegr\u00eda en cada puntada. Este tierno caballito, con detalles cuidadosamente elaborados, es perfecto para proyectos infantiles, ropa de cama, o art\u00edculos decorativos para beb\u00e9s. Inspirado en los tradicionales caballos de madera, este bordado resalta con sus l\u00edneas suaves y toques decorativos en las crines y la silla, proporcionando un encanto artesanal \u00fanico.<\/p>\n","protected":false},"featured_media":259,"comment_status":"open","ping_status":"closed","template":"","meta":{"site-sidebar-layout":"default","site-content-layout":"","ast-site-content-layout":"default","site-content-style":"default","site-sidebar-style":"default","ast-global-header-display":"","ast-banner-title-visibility":"","ast-main-header-display":"","ast-hfb-above-header-display":"","ast-hfb-below-header-display":"","ast-hfb-mobile-header-display":"","site-post-title":"","ast-breadcrumbs-content":"","ast-featured-img":"","footer-sml-layout":"","theme-transparent-header-meta":"default","adv-header-id-meta":"","stick-header-meta":"","header-above-stick-meta":"","header-main-stick-meta":"","header-below-stick-meta":"","astra-migrate-meta-layouts":"set","ast-page-background-enabled":"default","ast-page-background-meta":{"desktop":{"background-color":"var(--ast-global-color-4)","background-image":"","background-repeat":"repeat","background-position":"center center","background-size":"auto","background-attachment":"scroll","background-type":"","background-media":"","overlay-type":"","overlay-color":"","overlay-opacity":"","overlay-gradient":""},"tablet":{"background-color":"","background-image":"","background-repeat":"repeat","background-position":"center center","background-size":"auto","background-attachment":"scroll","background-type":"","background-media":"","overlay-type":"","overlay-color":"","overlay-opacity":"","overlay-gradient":""},"mobile":{"background-color":"","background-image":"","background-repeat":"repeat","background-position":"center center","background-size":"auto","background-attachment":"scroll","background-type":"","background-media":"","overlay-type":"","overlay-color":"","overlay-opacity":"","overlay-gradient":""}},"ast-content-background-meta":{"desktop":{"background-color":"var(--ast-global-color-5)","background-image":"","background-repeat":"repeat","background-position":"center center","background-size":"auto","background-attachment":"scroll","background-type":"","background-media":"","overlay-type":"","overlay-color":"","overlay-opacity":"","overlay-gradient":""},"tablet":{"background-color":"var(--ast-global-color-5)","background-image":"","background-repeat":"repeat","background-position":"center center","background-size":"auto","background-attachment":"scroll","background-type":"","background-media":"","overlay-type":"","overlay-color":"","overlay-opacity":"","overlay-gradient":""},"mobile":{"background-color":"var(--ast-global-color-5)","background-image":"","background-repeat":"repeat","background-position":"center center","background-size":"auto","background-attachment":"scroll","background-type":"","background-media":"","overlay-type":"","overlay-color":"","overlay-opacity":"","overlay-gradient":""}}},"product_brand":[],"product_cat":[22],"product_tag":[],"class_list":{"0":"post-258","1":"product","2":"type-product","3":"status-publish","4":"has-post-thumbnail","6":"product_cat-infantil","7":"desktop-align-left","8":"tablet-align-left","9":"mobile-align-left","11":"first","12":"instock","13":"sale","14":"downloadable","15":"virtual","16":"taxable","17":"purchasable","18":"product-type-simple"},"yoast_head":"<!-- This site is optimized with the Yoast SEO plugin v26.2 - https:\/\/yoast.com\/wordpress\/plugins\/seo\/ -->\n<title>Caballito de juguete - Borda Arte<\/title>\n<meta name=\"robots\" content=\"index, follow, max-snippet:-1, max-image-preview:large, max-video-preview:-1\" \/>\n<link rel=\"canonical\" href=\"https:\/\/bordaarte.store\/index.php\/product\/caballito-de-juguete\/\" \/>\n<meta property=\"og:locale\" content=\"es_ES\" \/>\n<meta property=\"og:type\" content=\"article\" \/>\n<meta property=\"og:title\" content=\"Caballito de juguete - Borda Arte\" \/>\n<meta property=\"og:description\" content=\"El dise\u00f1o de bordado &quot;Caballito de Juguete&quot; captura la esencia de los juguetes cl\u00e1sicos que evocan nostalgia y alegr\u00eda en cada puntada. Este tierno caballito, con detalles cuidadosamente elaborados, es perfecto para proyectos infantiles, ropa de cama, o art\u00edculos decorativos para beb\u00e9s. Inspirado en los tradicionales caballos de madera, este bordado resalta con sus l\u00edneas suaves y toques decorativos en las crines y la silla, proporcionando un encanto artesanal \u00fanico.\" \/>\n<meta property=\"og:url\" content=\"https:\/\/bordaarte.store\/index.php\/product\/caballito-de-juguete\/\" \/>\n<meta property=\"og:site_name\" content=\"Borda Arte\" \/>\n<meta property=\"article:publisher\" content=\"https:\/\/www.facebook.com\/BordaArteOficial\" \/>\n<meta property=\"article:modified_time\" content=\"2025-10-15T17:09:11+00:00\" \/>\n<meta property=\"og:image\" content=\"https:\/\/bordaarte.store\/wp-content\/uploads\/2024\/09\/Caballito-de-juguete-cover.png\" \/>\n\t<meta property=\"og:image:width\" content=\"1202\" \/>\n\t<meta property=\"og:image:height\" content=\"1204\" \/>\n\t<meta property=\"og:image:type\" content=\"image\/png\" \/>\n<meta name=\"twitter:card\" content=\"summary_large_image\" \/>\n<script type=\"application\/ld+json\" class=\"yoast-schema-graph\">{\"@context\":\"https:\/\/schema.org\",\"@graph\":[{\"@type\":\"WebPage\",\"@id\":\"https:\/\/bordaarte.store\/index.php\/product\/caballito-de-juguete\/\",\"url\":\"https:\/\/bordaarte.store\/index.php\/product\/caballito-de-juguete\/\",\"name\":\"Caballito de juguete - Borda Arte\",\"isPartOf\":{\"@id\":\"https:\/\/bordaarte.store\/#website\"},\"primaryImageOfPage\":{\"@id\":\"https:\/\/bordaarte.store\/index.php\/product\/caballito-de-juguete\/#primaryimage\"},\"image\":{\"@id\":\"https:\/\/bordaarte.store\/index.php\/product\/caballito-de-juguete\/#primaryimage\"},\"thumbnailUrl\":\"https:\/\/bordaarte.store\/wp-content\/uploads\/2024\/09\/Caballito-de-juguete-cover.png\",\"datePublished\":\"2024-09-11T07:24:18+00:00\",\"dateModified\":\"2025-10-15T17:09:11+00:00\",\"breadcrumb\":{\"@id\":\"https:\/\/bordaarte.store\/index.php\/product\/caballito-de-juguete\/#breadcrumb\"},\"inLanguage\":\"es-PE\",\"potentialAction\":[{\"@type\":\"ReadAction\",\"target\":[\"https:\/\/bordaarte.store\/index.php\/product\/caballito-de-juguete\/\"]}]},{\"@type\":\"ImageObject\",\"inLanguage\":\"es-PE\",\"@id\":\"https:\/\/bordaarte.store\/index.php\/product\/caballito-de-juguete\/#primaryimage\",\"url\":\"https:\/\/bordaarte.store\/wp-content\/uploads\/2024\/09\/Caballito-de-juguete-cover.png\",\"contentUrl\":\"https:\/\/bordaarte.store\/wp-content\/uploads\/2024\/09\/Caballito-de-juguete-cover.png\",\"width\":1202,\"height\":1204},{\"@type\":\"BreadcrumbList\",\"@id\":\"https:\/\/bordaarte.store\/index.php\/product\/caballito-de-juguete\/#breadcrumb\",\"itemListElement\":[{\"@type\":\"ListItem\",\"position\":1,\"name\":\"Portada\",\"item\":\"https:\/\/bordaarte.store\/\"},{\"@type\":\"ListItem\",\"position\":2,\"name\":\"Shop\",\"item\":\"https:\/\/bordaarte.store\/index.php\/shop\/\"},{\"@type\":\"ListItem\",\"position\":3,\"name\":\"Caballito de juguete\"}]},{\"@type\":\"WebSite\",\"@id\":\"https:\/\/bordaarte.store\/#website\",\"url\":\"https:\/\/bordaarte.store\/\",\"name\":\"Borda Arte\",\"description\":\"\",\"publisher\":{\"@id\":\"https:\/\/bordaarte.store\/#organization\"},\"potentialAction\":[{\"@type\":\"SearchAction\",\"target\":{\"@type\":\"EntryPoint\",\"urlTemplate\":\"https:\/\/bordaarte.store\/?s={search_term_string}\"},\"query-input\":{\"@type\":\"PropertyValueSpecification\",\"valueRequired\":true,\"valueName\":\"search_term_string\"}}],\"inLanguage\":\"es-PE\"},{\"@type\":\"Organization\",\"@id\":\"https:\/\/bordaarte.store\/#organization\",\"name\":\"Borda Arte\",\"url\":\"https:\/\/bordaarte.store\/\",\"logo\":{\"@type\":\"ImageObject\",\"inLanguage\":\"es-PE\",\"@id\":\"https:\/\/bordaarte.store\/#\/schema\/logo\/image\/\",\"url\":\"https:\/\/bordaarte.store\/wp-content\/uploads\/2025\/10\/logo-borda-arte-store.png\",\"contentUrl\":\"https:\/\/bordaarte.store\/wp-content\/uploads\/2025\/10\/logo-borda-arte-store.png\",\"width\":366,\"height\":346,\"caption\":\"Borda Arte\"},\"image\":{\"@id\":\"https:\/\/bordaarte.store\/#\/schema\/logo\/image\/\"},\"sameAs\":[\"https:\/\/www.facebook.com\/BordaArteOficial\"]}]}<\/script>\n<!-- \/ Yoast SEO plugin. -->","yoast_head_json":{"title":"Caballito de juguete - Borda Arte","robots":{"index":"index","follow":"follow","max-snippet":"max-snippet:-1","max-image-preview":"max-image-preview:large","max-video-preview":"max-video-preview:-1"},"canonical":"https:\/\/bordaarte.store\/index.php\/product\/caballito-de-juguete\/","og_locale":"es_ES","og_type":"article","og_title":"Caballito de juguete - Borda Arte","og_description":"El dise\u00f1o de bordado \"Caballito de Juguete\" captura la esencia de los juguetes cl\u00e1sicos que evocan nostalgia y alegr\u00eda en cada puntada. Este tierno caballito, con detalles cuidadosamente elaborados, es perfecto para proyectos infantiles, ropa de cama, o art\u00edculos decorativos para beb\u00e9s. Inspirado en los tradicionales caballos de madera, este bordado resalta con sus l\u00edneas suaves y toques decorativos en las crines y la silla, proporcionando un encanto artesanal \u00fanico.","og_url":"https:\/\/bordaarte.store\/index.php\/product\/caballito-de-juguete\/","og_site_name":"Borda Arte","article_publisher":"https:\/\/www.facebook.com\/BordaArteOficial","article_modified_time":"2025-10-15T17:09:11+00:00","og_image":[{"width":1202,"height":1204,"url":"https:\/\/bordaarte.store\/wp-content\/uploads\/2024\/09\/Caballito-de-juguete-cover.png","type":"image\/png"}],"twitter_card":"summary_large_image","schema":{"@context":"https:\/\/schema.org","@graph":[{"@type":"WebPage","@id":"https:\/\/bordaarte.store\/index.php\/product\/caballito-de-juguete\/","url":"https:\/\/bordaarte.store\/index.php\/product\/caballito-de-juguete\/","name":"Caballito de juguete - Borda Arte","isPartOf":{"@id":"https:\/\/bordaarte.store\/#website"},"primaryImageOfPage":{"@id":"https:\/\/bordaarte.store\/index.php\/product\/caballito-de-juguete\/#primaryimage"},"image":{"@id":"https:\/\/bordaarte.store\/index.php\/product\/caballito-de-juguete\/#primaryimage"},"thumbnailUrl":"https:\/\/bordaarte.store\/wp-content\/uploads\/2024\/09\/Caballito-de-juguete-cover.png","datePublished":"2024-09-11T07:24:18+00:00","dateModified":"2025-10-15T17:09:11+00:00","breadcrumb":{"@id":"https:\/\/bordaarte.store\/index.php\/product\/caballito-de-juguete\/#breadcrumb"},"inLanguage":"es-PE","potentialAction":[{"@type":"ReadAction","target":["https:\/\/bordaarte.store\/index.php\/product\/caballito-de-juguete\/"]}]},{"@type":"ImageObject","inLanguage":"es-PE","@id":"https:\/\/bordaarte.store\/index.php\/product\/caballito-de-juguete\/#primaryimage","url":"https:\/\/bordaarte.store\/wp-content\/uploads\/2024\/09\/Caballito-de-juguete-cover.png","contentUrl":"https:\/\/bordaarte.store\/wp-content\/uploads\/2024\/09\/Caballito-de-juguete-cover.png","width":1202,"height":1204},{"@type":"BreadcrumbList","@id":"https:\/\/bordaarte.store\/index.php\/product\/caballito-de-juguete\/#breadcrumb","itemListElement":[{"@type":"ListItem","position":1,"name":"Portada","item":"https:\/\/bordaarte.store\/"},{"@type":"ListItem","position":2,"name":"Shop","item":"https:\/\/bordaarte.store\/index.php\/shop\/"},{"@type":"ListItem","position":3,"name":"Caballito de juguete"}]},{"@type":"WebSite","@id":"https:\/\/bordaarte.store\/#website","url":"https:\/\/bordaarte.store\/","name":"Borda Arte","description":"","publisher":{"@id":"https:\/\/bordaarte.store\/#organization"},"potentialAction":[{"@type":"SearchAction","target":{"@type":"EntryPoint","urlTemplate":"https:\/\/bordaarte.store\/?s={search_term_string}"},"query-input":{"@type":"PropertyValueSpecification","valueRequired":true,"valueName":"search_term_string"}}],"inLanguage":"es-PE"},{"@type":"Organization","@id":"https:\/\/bordaarte.store\/#organization","name":"Borda Arte","url":"https:\/\/bordaarte.store\/","logo":{"@type":"ImageObject","inLanguage":"es-PE","@id":"https:\/\/bordaarte.store\/#\/schema\/logo\/image\/","url":"https:\/\/bordaarte.store\/wp-content\/uploads\/2025\/10\/logo-borda-arte-store.png","contentUrl":"https:\/\/bordaarte.store\/wp-content\/uploads\/2025\/10\/logo-borda-arte-store.png","width":366,"height":346,"caption":"Borda Arte"},"image":{"@id":"https:\/\/bordaarte.store\/#\/schema\/logo\/image\/"},"sameAs":["https:\/\/www.facebook.com\/BordaArteOficial"]}]}},"_links":{"self":[{"href":"https:\/\/bordaarte.store\/index.php\/wp-json\/wp\/v2\/product\/258","targetHints":{"allow":["GET"]}}],"collection":[{"href":"https:\/\/bordaarte.store\/index.php\/wp-json\/wp\/v2\/product"}],"about":[{"href":"https:\/\/bordaarte.store\/index.php\/wp-json\/wp\/v2\/types\/product"}],"replies":[{"embeddable":true,"href":"https:\/\/bordaarte.store\/index.php\/wp-json\/wp\/v2\/comments?post=258"}],"wp:featuredmedia":[{"embeddable":true,"href":"https:\/\/bordaarte.store\/index.php\/wp-json\/wp\/v2\/media\/259"}],"wp:attachment":[{"href":"https:\/\/bordaarte.store\/index.php\/wp-json\/wp\/v2\/media?parent=258"}],"wp:term":[{"taxonomy":"product_brand","embeddable":true,"href":"https:\/\/bordaarte.store\/index.php\/wp-json\/wp\/v2\/product_brand?post=258"},{"taxonomy":"product_cat","embeddable":true,"href":"https:\/\/bordaarte.store\/index.php\/wp-json\/wp\/v2\/product_cat?post=258"},{"taxonomy":"product_tag","embeddable":true,"href":"https:\/\/bordaarte.store\/index.php\/wp-json\/wp\/v2\/product_tag?post=258"}],"curies":[{"name":"wp","href":"https:\/\/api.w.org\/{rel}","templated":true}]}}