{"id":533,"date":"2024-09-16T12:01:44","date_gmt":"2024-09-16T17:01:44","guid":{"rendered":"https:\/\/bordaarte.store\/?post_type=product&#038;p=533"},"modified":"2025-10-14T19:07:41","modified_gmt":"2025-10-15T00:07:41","slug":"soy-groot","status":"publish","type":"product","link":"https:\/\/bordaarte.store\/index.php\/product\/soy-groot\/","title":{"rendered":"Soy Groot"},"content":{"rendered":"<p>\u00abSoy Groot\u00bb es un dise\u00f1o de bordado computarizado que rinde homenaje a uno de los personajes m\u00e1s queridos del universo geek. Este entra\u00f1able personaje de la cultura pop se presenta con un estilo \u00fanico y detallado, lo que lo convierte en la opci\u00f3n ideal para personalizar camisetas, mochilas, gorras y m\u00e1s. El dise\u00f1o est\u00e1 optimizado para m\u00e1quinas de bordado industriales y dom\u00e9sticas, asegurando un resultado impecable en cada puntada. Con l\u00edneas definidas y detalles n\u00edtidos, este bordado no solo es visualmente atractivo, sino tambi\u00e9n una celebraci\u00f3n para los fan\u00e1ticos de los superh\u00e9roes. Perfecto para proyectos personales o productos de gran escala, \u00abSoy Groot\u00bb es una excelente adici\u00f3n para cualquier colecci\u00f3n.<\/p>\n<p>&nbsp;<\/p>\n<p><b>Tama\u00f1os Disponibles:<\/b><\/p>\n<p><span style=\"font-weight: 400;\">(45 x 80 mm)<\/span><\/p>\n<p><b>Formatos Disponibles:<\/b><\/p>\n<p><span style=\"font-weight: 400;\">EMB,DST,PES,HUS,TAP,EXP,DSB,SEW<\/span><\/p>\n<p><b>Puntadas:<\/b><\/p>\n<p><span style=\"font-weight: 400;\">12.517<\/span><\/p>\n","protected":false},"excerpt":{"rendered":"<p>El dise\u00f1o \u00abSoy Groot\u00bb captura la esencia de un personaje ic\u00f3nico de la cultura pop. Ideal para los amantes de los superh\u00e9roes, este bordado detallado es perfecto para a\u00f1adir un toque divertido y geek a cualquier prenda o accesorio. Compatible con m\u00e1quinas de bordado m\u00faltiples, este dise\u00f1o destaca por su creatividad y calidad profesional.<\/p>\n","protected":false},"featured_media":541,"comment_status":"open","ping_status":"closed","template":"","meta":{"site-sidebar-layout":"default","site-content-layout":"","ast-site-content-layout":"default","site-content-style":"default","site-sidebar-style":"default","ast-global-header-display":"","ast-banner-title-visibility":"","ast-main-header-display":"","ast-hfb-above-header-display":"","ast-hfb-below-header-display":"","ast-hfb-mobile-header-display":"","site-post-title":"","ast-breadcrumbs-content":"","ast-featured-img":"","footer-sml-layout":"","theme-transparent-header-meta":"default","adv-header-id-meta":"","stick-header-meta":"","header-above-stick-meta":"","header-main-stick-meta":"","header-below-stick-meta":"","astra-migrate-meta-layouts":"set","ast-page-background-enabled":"default","ast-page-background-meta":{"desktop":{"background-color":"var(--ast-global-color-4)","background-image":"","background-repeat":"repeat","background-position":"center center","background-size":"auto","background-attachment":"scroll","background-type":"","background-media":"","overlay-type":"","overlay-color":"","overlay-opacity":"","overlay-gradient":""},"tablet":{"background-color":"","background-image":"","background-repeat":"repeat","background-position":"center center","background-size":"auto","background-attachment":"scroll","background-type":"","background-media":"","overlay-type":"","overlay-color":"","overlay-opacity":"","overlay-gradient":""},"mobile":{"background-color":"","background-image":"","background-repeat":"repeat","background-position":"center center","background-size":"auto","background-attachment":"scroll","background-type":"","background-media":"","overlay-type":"","overlay-color":"","overlay-opacity":"","overlay-gradient":""}},"ast-content-background-meta":{"desktop":{"background-color":"var(--ast-global-color-5)","background-image":"","background-repeat":"repeat","background-position":"center center","background-size":"auto","background-attachment":"scroll","background-type":"","background-media":"","overlay-type":"","overlay-color":"","overlay-opacity":"","overlay-gradient":""},"tablet":{"background-color":"var(--ast-global-color-5)","background-image":"","background-repeat":"repeat","background-position":"center center","background-size":"auto","background-attachment":"scroll","background-type":"","background-media":"","overlay-type":"","overlay-color":"","overlay-opacity":"","overlay-gradient":""},"mobile":{"background-color":"var(--ast-global-color-5)","background-image":"","background-repeat":"repeat","background-position":"center center","background-size":"auto","background-attachment":"scroll","background-type":"","background-media":"","overlay-type":"","overlay-color":"","overlay-opacity":"","overlay-gradient":""}}},"product_brand":[],"product_cat":[26],"product_tag":[27],"class_list":{"0":"post-533","1":"product","2":"type-product","3":"status-publish","4":"has-post-thumbnail","6":"product_cat-geeks-pop-culture","7":"product_tag-groot-culturapop-superheroes-bordadogeek-bordadocomputarizado-guardiansofthegalaxy-bordadopersonalizado-fanart-disenosdebordado-bordadopopculture","8":"desktop-align-left","9":"tablet-align-left","10":"mobile-align-left","12":"first","13":"instock","14":"sale","15":"downloadable","16":"virtual","17":"taxable","18":"purchasable","19":"product-type-simple"},"yoast_head":"<!-- This site is optimized with the Yoast SEO plugin v26.2 - https:\/\/yoast.com\/wordpress\/plugins\/seo\/ -->\n<title>Soy Groot - Borda Arte<\/title>\n<meta name=\"robots\" content=\"index, follow, max-snippet:-1, max-image-preview:large, max-video-preview:-1\" \/>\n<link rel=\"canonical\" href=\"https:\/\/bordaarte.store\/index.php\/product\/soy-groot\/\" \/>\n<meta property=\"og:locale\" content=\"es_ES\" \/>\n<meta property=\"og:type\" content=\"article\" \/>\n<meta property=\"og:title\" content=\"Soy Groot - Borda Arte\" \/>\n<meta property=\"og:description\" content=\"El dise\u00f1o &quot;Soy Groot&quot; captura la esencia de un personaje ic\u00f3nico de la cultura pop. Ideal para los amantes de los superh\u00e9roes, este bordado detallado es perfecto para a\u00f1adir un toque divertido y geek a cualquier prenda o accesorio. Compatible con m\u00e1quinas de bordado m\u00faltiples, este dise\u00f1o destaca por su creatividad y calidad profesional.\" \/>\n<meta property=\"og:url\" content=\"https:\/\/bordaarte.store\/index.php\/product\/soy-groot\/\" \/>\n<meta property=\"og:site_name\" content=\"Borda Arte\" \/>\n<meta property=\"article:publisher\" content=\"https:\/\/www.facebook.com\/BordaArteOficial\" \/>\n<meta property=\"article:modified_time\" content=\"2025-10-15T00:07:41+00:00\" \/>\n<meta property=\"og:image\" content=\"https:\/\/bordaarte.store\/wp-content\/uploads\/2024\/09\/Soy-groot-cover.png\" \/>\n\t<meta property=\"og:image:width\" content=\"1202\" \/>\n\t<meta property=\"og:image:height\" content=\"1204\" \/>\n\t<meta property=\"og:image:type\" content=\"image\/png\" \/>\n<meta name=\"twitter:card\" content=\"summary_large_image\" \/>\n<meta name=\"twitter:label1\" content=\"Est. reading time\" \/>\n\t<meta name=\"twitter:data1\" content=\"1 minuto\" \/>\n<script type=\"application\/ld+json\" class=\"yoast-schema-graph\">{\"@context\":\"https:\/\/schema.org\",\"@graph\":[{\"@type\":\"WebPage\",\"@id\":\"https:\/\/bordaarte.store\/index.php\/product\/soy-groot\/\",\"url\":\"https:\/\/bordaarte.store\/index.php\/product\/soy-groot\/\",\"name\":\"Soy Groot - Borda Arte\",\"isPartOf\":{\"@id\":\"https:\/\/bordaarte.store\/#website\"},\"primaryImageOfPage\":{\"@id\":\"https:\/\/bordaarte.store\/index.php\/product\/soy-groot\/#primaryimage\"},\"image\":{\"@id\":\"https:\/\/bordaarte.store\/index.php\/product\/soy-groot\/#primaryimage\"},\"thumbnailUrl\":\"https:\/\/bordaarte.store\/wp-content\/uploads\/2024\/09\/Soy-groot-cover.png\",\"datePublished\":\"2024-09-16T17:01:44+00:00\",\"dateModified\":\"2025-10-15T00:07:41+00:00\",\"breadcrumb\":{\"@id\":\"https:\/\/bordaarte.store\/index.php\/product\/soy-groot\/#breadcrumb\"},\"inLanguage\":\"es-PE\",\"potentialAction\":[{\"@type\":\"ReadAction\",\"target\":[\"https:\/\/bordaarte.store\/index.php\/product\/soy-groot\/\"]}]},{\"@type\":\"ImageObject\",\"inLanguage\":\"es-PE\",\"@id\":\"https:\/\/bordaarte.store\/index.php\/product\/soy-groot\/#primaryimage\",\"url\":\"https:\/\/bordaarte.store\/wp-content\/uploads\/2024\/09\/Soy-groot-cover.png\",\"contentUrl\":\"https:\/\/bordaarte.store\/wp-content\/uploads\/2024\/09\/Soy-groot-cover.png\",\"width\":1202,\"height\":1204},{\"@type\":\"BreadcrumbList\",\"@id\":\"https:\/\/bordaarte.store\/index.php\/product\/soy-groot\/#breadcrumb\",\"itemListElement\":[{\"@type\":\"ListItem\",\"position\":1,\"name\":\"Portada\",\"item\":\"https:\/\/bordaarte.store\/\"},{\"@type\":\"ListItem\",\"position\":2,\"name\":\"Shop\",\"item\":\"https:\/\/bordaarte.store\/index.php\/shop\/\"},{\"@type\":\"ListItem\",\"position\":3,\"name\":\"Soy Groot\"}]},{\"@type\":\"WebSite\",\"@id\":\"https:\/\/bordaarte.store\/#website\",\"url\":\"https:\/\/bordaarte.store\/\",\"name\":\"Borda Arte\",\"description\":\"\",\"publisher\":{\"@id\":\"https:\/\/bordaarte.store\/#organization\"},\"potentialAction\":[{\"@type\":\"SearchAction\",\"target\":{\"@type\":\"EntryPoint\",\"urlTemplate\":\"https:\/\/bordaarte.store\/?s={search_term_string}\"},\"query-input\":{\"@type\":\"PropertyValueSpecification\",\"valueRequired\":true,\"valueName\":\"search_term_string\"}}],\"inLanguage\":\"es-PE\"},{\"@type\":\"Organization\",\"@id\":\"https:\/\/bordaarte.store\/#organization\",\"name\":\"Borda Arte\",\"url\":\"https:\/\/bordaarte.store\/\",\"logo\":{\"@type\":\"ImageObject\",\"inLanguage\":\"es-PE\",\"@id\":\"https:\/\/bordaarte.store\/#\/schema\/logo\/image\/\",\"url\":\"https:\/\/bordaarte.store\/wp-content\/uploads\/2025\/10\/logo-borda-arte-store.png\",\"contentUrl\":\"https:\/\/bordaarte.store\/wp-content\/uploads\/2025\/10\/logo-borda-arte-store.png\",\"width\":366,\"height\":346,\"caption\":\"Borda Arte\"},\"image\":{\"@id\":\"https:\/\/bordaarte.store\/#\/schema\/logo\/image\/\"},\"sameAs\":[\"https:\/\/www.facebook.com\/BordaArteOficial\"]}]}<\/script>\n<!-- \/ Yoast SEO plugin. -->","yoast_head_json":{"title":"Soy Groot - Borda Arte","robots":{"index":"index","follow":"follow","max-snippet":"max-snippet:-1","max-image-preview":"max-image-preview:large","max-video-preview":"max-video-preview:-1"},"canonical":"https:\/\/bordaarte.store\/index.php\/product\/soy-groot\/","og_locale":"es_ES","og_type":"article","og_title":"Soy Groot - Borda Arte","og_description":"El dise\u00f1o \"Soy Groot\" captura la esencia de un personaje ic\u00f3nico de la cultura pop. Ideal para los amantes de los superh\u00e9roes, este bordado detallado es perfecto para a\u00f1adir un toque divertido y geek a cualquier prenda o accesorio. Compatible con m\u00e1quinas de bordado m\u00faltiples, este dise\u00f1o destaca por su creatividad y calidad profesional.","og_url":"https:\/\/bordaarte.store\/index.php\/product\/soy-groot\/","og_site_name":"Borda Arte","article_publisher":"https:\/\/www.facebook.com\/BordaArteOficial","article_modified_time":"2025-10-15T00:07:41+00:00","og_image":[{"width":1202,"height":1204,"url":"https:\/\/bordaarte.store\/wp-content\/uploads\/2024\/09\/Soy-groot-cover.png","type":"image\/png"}],"twitter_card":"summary_large_image","twitter_misc":{"Est. reading time":"1 minuto"},"schema":{"@context":"https:\/\/schema.org","@graph":[{"@type":"WebPage","@id":"https:\/\/bordaarte.store\/index.php\/product\/soy-groot\/","url":"https:\/\/bordaarte.store\/index.php\/product\/soy-groot\/","name":"Soy Groot - Borda Arte","isPartOf":{"@id":"https:\/\/bordaarte.store\/#website"},"primaryImageOfPage":{"@id":"https:\/\/bordaarte.store\/index.php\/product\/soy-groot\/#primaryimage"},"image":{"@id":"https:\/\/bordaarte.store\/index.php\/product\/soy-groot\/#primaryimage"},"thumbnailUrl":"https:\/\/bordaarte.store\/wp-content\/uploads\/2024\/09\/Soy-groot-cover.png","datePublished":"2024-09-16T17:01:44+00:00","dateModified":"2025-10-15T00:07:41+00:00","breadcrumb":{"@id":"https:\/\/bordaarte.store\/index.php\/product\/soy-groot\/#breadcrumb"},"inLanguage":"es-PE","potentialAction":[{"@type":"ReadAction","target":["https:\/\/bordaarte.store\/index.php\/product\/soy-groot\/"]}]},{"@type":"ImageObject","inLanguage":"es-PE","@id":"https:\/\/bordaarte.store\/index.php\/product\/soy-groot\/#primaryimage","url":"https:\/\/bordaarte.store\/wp-content\/uploads\/2024\/09\/Soy-groot-cover.png","contentUrl":"https:\/\/bordaarte.store\/wp-content\/uploads\/2024\/09\/Soy-groot-cover.png","width":1202,"height":1204},{"@type":"BreadcrumbList","@id":"https:\/\/bordaarte.store\/index.php\/product\/soy-groot\/#breadcrumb","itemListElement":[{"@type":"ListItem","position":1,"name":"Portada","item":"https:\/\/bordaarte.store\/"},{"@type":"ListItem","position":2,"name":"Shop","item":"https:\/\/bordaarte.store\/index.php\/shop\/"},{"@type":"ListItem","position":3,"name":"Soy Groot"}]},{"@type":"WebSite","@id":"https:\/\/bordaarte.store\/#website","url":"https:\/\/bordaarte.store\/","name":"Borda Arte","description":"","publisher":{"@id":"https:\/\/bordaarte.store\/#organization"},"potentialAction":[{"@type":"SearchAction","target":{"@type":"EntryPoint","urlTemplate":"https:\/\/bordaarte.store\/?s={search_term_string}"},"query-input":{"@type":"PropertyValueSpecification","valueRequired":true,"valueName":"search_term_string"}}],"inLanguage":"es-PE"},{"@type":"Organization","@id":"https:\/\/bordaarte.store\/#organization","name":"Borda Arte","url":"https:\/\/bordaarte.store\/","logo":{"@type":"ImageObject","inLanguage":"es-PE","@id":"https:\/\/bordaarte.store\/#\/schema\/logo\/image\/","url":"https:\/\/bordaarte.store\/wp-content\/uploads\/2025\/10\/logo-borda-arte-store.png","contentUrl":"https:\/\/bordaarte.store\/wp-content\/uploads\/2025\/10\/logo-borda-arte-store.png","width":366,"height":346,"caption":"Borda Arte"},"image":{"@id":"https:\/\/bordaarte.store\/#\/schema\/logo\/image\/"},"sameAs":["https:\/\/www.facebook.com\/BordaArteOficial"]}]}},"_links":{"self":[{"href":"https:\/\/bordaarte.store\/index.php\/wp-json\/wp\/v2\/product\/533","targetHints":{"allow":["GET"]}}],"collection":[{"href":"https:\/\/bordaarte.store\/index.php\/wp-json\/wp\/v2\/product"}],"about":[{"href":"https:\/\/bordaarte.store\/index.php\/wp-json\/wp\/v2\/types\/product"}],"replies":[{"embeddable":true,"href":"https:\/\/bordaarte.store\/index.php\/wp-json\/wp\/v2\/comments?post=533"}],"wp:featuredmedia":[{"embeddable":true,"href":"https:\/\/bordaarte.store\/index.php\/wp-json\/wp\/v2\/media\/541"}],"wp:attachment":[{"href":"https:\/\/bordaarte.store\/index.php\/wp-json\/wp\/v2\/media?parent=533"}],"wp:term":[{"taxonomy":"product_brand","embeddable":true,"href":"https:\/\/bordaarte.store\/index.php\/wp-json\/wp\/v2\/product_brand?post=533"},{"taxonomy":"product_cat","embeddable":true,"href":"https:\/\/bordaarte.store\/index.php\/wp-json\/wp\/v2\/product_cat?post=533"},{"taxonomy":"product_tag","embeddable":true,"href":"https:\/\/bordaarte.store\/index.php\/wp-json\/wp\/v2\/product_tag?post=533"}],"curies":[{"name":"wp","href":"https:\/\/api.w.org\/{rel}","templated":true}]}}